{"id":1090,"date":"2019-01-04T22:48:58","date_gmt":"2019-01-04T21:48:58","guid":{"rendered":"https:\/\/www.geckon.sk\/?page_id=1090"},"modified":"2019-01-04T22:48:58","modified_gmt":"2019-01-04T21:48:58","slug":"about-us","status":"publish","type":"page","link":"https:\/\/www.geckon.sk\/en\/about-us\/","title":{"rendered":"About us"},"content":{"rendered":"<p>[section background_repeat=&#8221;repeat&#8221; background_position=&#8221;center top&#8221; background_attachment=&#8221;static&#8221; background_scroll=&#8221;none&#8221;]<\/p>\n<p>[one_half valign=&#8221;middle&#8221; animation=&#8221;none&#8221;]<\/p>\n<p>[space value=&#8221;35&#8243;]<\/p>\n<p>[\/space]<\/p>\n<p>[carousel coin_nav=&#8221;standard&#8221; direction_nav=&#8221;none&#8221; autoplay=&#8221;standard&#8221;]<\/p>\n<p>[carousel_item]<\/p>\n<p><a href=\"https:\/\/www.geckon.sk\/wp-content\/uploads\/2014\/08\/uvod1.jpg\"><img loading=\"lazy\" class=\"alignnone size-full wp-image-118\" src=\"https:\/\/www.geckon.sk\/wp-content\/uploads\/2014\/08\/uvod1.jpg\" alt=\"IMG_1833\" width=\"719\" height=\"403\" \/><\/a><\/p>\n<p>[\/carousel_item]<\/p>\n<p>[carousel_item]<\/p>\n<p><a href=\"https:\/\/www.geckon.sk\/wp-content\/uploads\/2014\/08\/uvod2.jpg\"><img loading=\"lazy\" class=\"alignnone size-full wp-image-119\" src=\"https:\/\/www.geckon.sk\/wp-content\/uploads\/2014\/08\/uvod2.jpg\" alt=\"IMG_1860\" width=\"719\" height=\"403\" \/><\/a><\/p>\n<p>[\/carousel_item]<\/p>\n<p>[carousel_item]<\/p>\n<p><a href=\"https:\/\/www.geckon.sk\/wp-content\/uploads\/2014\/08\/uvod3.jpg\"><img loading=\"lazy\" class=\"alignnone size-full wp-image-119\" src=\"https:\/\/www.geckon.sk\/wp-content\/uploads\/2014\/08\/uvod3.jpg\" alt=\"IMG_1860\" width=\"719\" height=\"403\" \/><\/a><\/p>\n<p>[\/carousel_item]<\/p>\n<p>[carousel_item]<\/p>\n<p><a href=\"https:\/\/www.geckon.sk\/wp-content\/uploads\/2014\/08\/uvod4.jpg\"><img loading=\"lazy\" class=\"alignnone size-full wp-image-119\" src=\"https:\/\/www.geckon.sk\/wp-content\/uploads\/2014\/08\/uvod4.jpg\" alt=\"IMG_1860\" width=\"719\" height=\"403\" \/><\/a><\/p>\n<p>[\/carousel_item]<\/p>\n<p>[carousel_item]<\/p>\n<p><a href=\"https:\/\/www.geckon.sk\/wp-content\/uploads\/2014\/08\/uvod5.jpg\"><img loading=\"lazy\" class=\"alignnone size-full wp-image-119\" src=\"https:\/\/www.geckon.sk\/wp-content\/uploads\/2014\/08\/uvod5.jpg\" alt=\"IMG_1860\" width=\"719\" height=\"403\" \/><\/a><\/p>\n<p>[\/carousel_item]<\/p>\n<p>[carousel_item]<\/p>\n<p><a href=\"https:\/\/www.geckon.sk\/wp-content\/uploads\/2014\/08\/uvod6.jpg\"><img loading=\"lazy\" class=\"alignnone size-full wp-image-119\" src=\"https:\/\/www.geckon.sk\/wp-content\/uploads\/2014\/08\/uvod6.jpg\" alt=\"IMG_1860\" width=\"719\" height=\"403\" \/><\/a><\/p>\n<p>[\/carousel_item]<\/p>\n<p>[carousel_item]<\/p>\n<p><a href=\"https:\/\/www.geckon.sk\/wp-content\/uploads\/2014\/08\/uvod7.jpg\"><img loading=\"lazy\" class=\"alignnone size-full wp-image-119\" src=\"https:\/\/www.geckon.sk\/wp-content\/uploads\/2014\/08\/uvod7.jpg\" alt=\"IMG_1860\" width=\"719\" height=\"403\" \/><\/a><\/p>\n<p>[\/carousel_item]<\/p>\n<p>[\/carousel]<\/p>\n<p>[\/one_half]<\/p>\n<p>[one_half_last valign=&#8221;middle&#8221; animation=&#8221;none&#8221;]<\/p>\n<p>[space value=&#8221;-50&#8243;]<\/p>\n<p>[\/space]<\/p>\n<h2>About club<\/h2>\n<hr \/>\n<p style=\"text-indent: 30px;\">The idea to start with the club was born many years ago. We always knew that mountains are important part of our lifes. Geckon Club Kosice was officially estimated in spring 2014 with everything that belongs to it.<\/p>\n<p style=\"text-indent: 30px;\">The main focus is on connecting people interested in outdoor activities, mainly climbing, ski touring, alpine hiking and cycling. Out of organized club trips into the mountains, thanks to certified instructor we offer also climbing courses.<\/p>\n<p style=\"text-indent: 30px;\">It is impossible to deny beauty of Slovakia, the fact this country is full of breathtaking cities full of history, places that is worth to experience. In cooperation with SSSCR, in case of interest, we ensure also certified tourist guides, that can offer also commentary also in English\u2026<\/p>\n<p>[\/one_half_last]<\/p>\n<p>[\/section]<\/p>\n<p>[space value=&#8221;-75&#8243;]<\/p>\n<p>[\/space]<\/p>\n<p>[section background_repeat=&#8221;repeat&#8221; background_position=&#8221;center top&#8221; background_attachment=&#8221;static&#8221; background_scroll=&#8221;none&#8221;]<\/p>\n<h2>About us<\/h2>\n<p>[divider style=&#8221;none&#8221;]<\/p>\n<p>[\/divider]<\/p>\n<p>[one_third valign=&#8221;top&#8221; animation=&#8221;none&#8221;]<\/p>\n<p><img loading=\"lazy\" class=\"alignnone size-full wp-image-961\" src=\"https:\/\/www.geckon.sk\/wp-content\/uploads\/headers\/Rado.jpg\" alt=\"\" width=\"500\" height=\"500\" \/><\/p>\n<p>[\/one_third]<\/p>\n<p>[two_third_last valign=&#8221;top&#8221; animation=&#8221;none&#8221;]<\/p>\n<h3>Radovan Bartko &#8211; Radko<\/h3>\n<p>[list type=&#8221;icon&#8221; style=&#8221;none&#8221; icon=&#8221;hand-o-right&#8221; icon_color=&#8221;#028300&#8243;]<\/p>\n<ul>\n<li>President of the club<\/li>\n<li>Rock climbing Instructor<\/li>\n<li>Member of James<\/li>\n<\/ul>\n<p>[\/list]<\/p>\n<p style=\"text-indent: 30px;\">Since I was a kid I liked hiking. At the beginning, it was with my parents, later on with friends or alone. In addition to hiking, I tried via ferrata and climbing and that became my passion very soon.<\/p>\n<p style=\"text-indent: 30px;\">I earned the real climbing experience in RockStar \u2013 climbing school in Manin. During my three years stay I learned everything possible to learn and when the offer to stay as instructor came at the end of the course, I did not hesitate a minute. Unfortunately, it was not possible to stay due to circumstances and therefore I came back to Kosice. It did not take long and I started to miss the work of instructor very soon. As the result, the Geckon club Kosice was founded.<\/p>\n<p style=\"text-indent: 30px;\">Currently, we offer climbing courses on climbing walls and rocks around Kosice, we organize trips to the mountains, via ferrates\u2026<\/p>\n<p>[\/two_third_last]<\/p>\n<p>[divider style=&#8221;none&#8221;]<\/p>\n<p>[\/divider]<\/p>\n<p>[one_third valign=&#8221;top&#8221; animation=&#8221;none&#8221;]<\/p>\n<p><img loading=\"lazy\" class=\"alignnone size-full wp-image-961\" src=\"https:\/\/www.geckon.sk\/wp-content\/uploads\/headers\/Lubka.jpg\" alt=\"Lubka\" width=\"500\" height=\"500\" \/><\/p>\n<p>[\/one_third]<\/p>\n<p>[two_third_last valign=&#8221;top&#8221; animation=&#8221;none&#8221;]<\/p>\n<h3>\u013dubka<\/h3>\n<p>[list type=&#8221;icon&#8221; style=&#8221;none&#8221; icon=&#8221;hand-o-right&#8221; icon_color=&#8221;#028300&#8243;]<\/p>\n<ul>\n<li>Travel guide<\/li>\n<li>PR a client&#8217;s point of contact<\/li>\n<li>Administration<\/li>\n<\/ul>\n<p>[\/list]<\/p>\n<p style=\"text-indent: 30px;\">I always knew that I\u2019m more into intelectual matters than sports. I love painting, traveling, mountains and nature, so beautiful in many ways around the world. There are many ways how to explore the world as well. One of them is hiking and climbing that I tried thanks to Rado. It\u2019s the way I spend my free time as the main role in the club is PR, documentation and administrative and of course publication of new articles about beautys of Slovakia. I am responsible also for communication with future club members and clients interested in courses and trips. Do you have any questions? Feel free to contact me!<\/p>\n<p>[\/two_third_last]<\/p>\n<p>[divider style=&#8221;none&#8221;]<\/p>\n<p>[\/divider]<\/p>\n<p>[one_third valign=&#8221;top&#8221; animation=&#8221;none&#8221;]<\/p>\n<p><img src=\"https:\/\/www.geckon.sk\/wp-content\/uploads\/headers\/Sveta.png\" alt=\"Sve\u0165ka\" \/><\/p>\n<h3>Sve\u0165a<\/h3>\n<p style=\"text-indent: 30px;\">Without the support of the family, this club would never exist. Therefore it\u2019s more than appropriate to mention my (Rado\u2019s) dearest sister that participated on the beginnings of the club. She participated on code of rules, helped and patientally adviced when needed.<\/p>\n<p style=\"text-indent: 30px;\">We made a lot of trips together. She has mountains and sports in her blood the same as I do. Currently, she has better things to care about. She is raising up new generation of nature lovers. She is currently on the maternity leave and there is no doubt that she adds her five cents even now. She helps with financials of the club.<\/p>\n<p>[\/one_third]<\/p>\n<p>[one_third valign=&#8221;top&#8221; animation=&#8221;none&#8221;]<\/p>\n<p>[placeholder width=&#8221;304&#8243; height=&#8221;171&#8243; icon=&#8221;camera&#8221;]<\/p>\n<h3>Kristy<\/h3>\n<p style=\"text-indent: 30px;\">As I said, the whole family helps and another proof is Kristy, sister from the other side (\u013dubka\u2019s sister). When our dreams are too big, when we fly too high with our plans, she is the one to take us back to the earth with her reasonable arguments and understanding of law and bureaucracy. She is mother of three kids. Together with her husband, they teach them how to behave in the nature, teach them to love the nature. It\u2019s no surprise we are happy they are part of the club.<\/p>\n<p>[\/one_third]<\/p>\n<p>[one_third_last valign=&#8221;top&#8221; animation=&#8221;none&#8221;]<\/p>\n<p>[placeholder width=&#8221;304&#8243; height=&#8221;171&#8243; icon=&#8221;camera&#8221;]<\/p>\n<h3>D\u00e1vid a O\u0165a<\/h3>\n<p style=\"text-indent: 30px;\">David and Rado have met during climbing course, of course. It was immediately clear that these two guys are friends to be. Once back in eastern Slovakia, they continued to climb together \u2013 the climbing buddies. Later on, O\u0165a came into David\u2019s life and we are really happy for it. It can not be coincidence that we\u2019ve all met. Also dates of birth of O\u0165a and Rado are the same. When the younger versions of O\u0165a and David (Nelka and Davidko) allows that, they go for nice trips or hikes with us without hesitation.<\/p>\n<p>[\/one_third_last]<\/p>\n<p>[space value=&#8221;50&#8243;]<\/p>\n<p>[\/space]<\/p>\n<h2 style=\"text-align: center;\">&#8230; a radi priv\u00edtame \u010fal\u0161\u00edch \ud83d\ude42<\/h2>\n<p>[\/section]<\/p>\n","protected":false},"excerpt":{"rendered":"<p>[section background_repeat=&#8221;repeat&#8221; background_position=&#8221;center top&#8221; background_attachment=&#8221;static&#8221; background_scroll=&#8221;none&#8221;] [one_half valign=&#8221;middle&#8221; animation=&#8221;none&#8221;] [space value=&#8221;35&#8243;] [\/space] [carousel coin_nav=&#8221;standard&#8221; direction_nav=&#8221;none&#8221; autoplay=&#8221;standard&#8221;] [carousel_item] [\/carousel_item] [carousel_item] [\/carousel_item] [carousel_item] [\/carousel_item] [carousel_item] [\/carousel_item] [carousel_item] [\/carousel_item] [carousel_item] [\/carousel_item] [carousel_item] [\/carousel_item] [\/carousel] [\/one_half] [one_half_last valign=&#8221;middle&#8221; animation=&#8221;none&#8221;] [space value=&#8221;-50&#8243;] [\/space] About club The idea to start with the club was born many years ago. We always knew [&hellip;]<\/p>\n","protected":false},"author":1,"featured_media":0,"parent":0,"menu_order":0,"comment_status":"closed","ping_status":"closed","template":"full-width.php","meta":{"spay_email":""},"yoast_head":"<!-- This site is optimized with the Yoast SEO Premium plugin v16.1.1 - https:\/\/yoast.com\/wordpress\/plugins\/seo\/ -->\n<title>About us - Geckon klub Ko\u0161ice<\/title>\n<link rel=\"canonical\" href=\"https:\/\/www.geckon.sk\/en\/about-us\/\" \/>\n<meta property=\"og:locale\" content=\"en_US\" \/>\n<meta property=\"og:type\" content=\"article\" \/>\n<meta property=\"og:title\" content=\"About us - Geckon klub Ko\u0161ice\" \/>\n<meta property=\"og:description\" content=\"[section background_repeat=&#8221;repeat&#8221; background_position=&#8221;center top&#8221; background_attachment=&#8221;static&#8221; background_scroll=&#8221;none&#8221;] [one_half valign=&#8221;middle&#8221; animation=&#8221;none&#8221;] [space value=&#8221;35&#8243;] [\/space] [carousel coin_nav=&#8221;standard&#8221; direction_nav=&#8221;none&#8221; autoplay=&#8221;standard&#8221;] [carousel_item] [\/carousel_item] [carousel_item] [\/carousel_item] [carousel_item] [\/carousel_item] [carousel_item] [\/carousel_item] [carousel_item] [\/carousel_item] [carousel_item] [\/carousel_item] [carousel_item] [\/carousel_item] [\/carousel] [\/one_half] [one_half_last valign=&#8221;middle&#8221; animation=&#8221;none&#8221;] [space value=&#8221;-50&#8243;] [\/space] About club The idea to start with the club was born many years ago. We always knew [&hellip;]\" \/>\n<meta property=\"og:url\" content=\"https:\/\/www.geckon.sk\/en\/about-us\/\" \/>\n<meta property=\"og:site_name\" content=\"Geckon klub Ko\u0161ice\" \/>\n<meta property=\"article:publisher\" content=\"https:\/\/www.facebook.com\/geckonklub\/\" \/>\n<meta property=\"og:image\" content=\"https:\/\/www.geckon.sk\/wp-content\/uploads\/2014\/08\/uvod1.jpg\" \/>\n<meta name=\"twitter:card\" content=\"summary\" \/>\n<meta name=\"twitter:site\" content=\"@geckonklub\" \/>\n<meta name=\"twitter:label1\" content=\"Est. reading time\">\n\t<meta name=\"twitter:data1\" content=\"5 minutes\">\n<script type=\"application\/ld+json\" class=\"yoast-schema-graph\">{\"@context\":\"https:\/\/schema.org\",\"@graph\":[{\"@type\":\"WebSite\",\"@id\":\"https:\/\/www.geckon.sk\/#website\",\"url\":\"https:\/\/www.geckon.sk\/\",\"name\":\"Geckon klub Ko\\u0161ice\",\"description\":\"\",\"potentialAction\":[{\"@type\":\"SearchAction\",\"target\":\"https:\/\/www.geckon.sk\/?s={search_term_string}\",\"query-input\":\"required name=search_term_string\"}],\"inLanguage\":\"en-US\"},{\"@type\":\"ImageObject\",\"@id\":\"https:\/\/www.geckon.sk\/en\/about-us\/#primaryimage\",\"inLanguage\":\"en-US\",\"url\":\"https:\/\/www.geckon.sk\/wp-content\/uploads\/2014\/08\/uvod1.jpg\",\"contentUrl\":\"https:\/\/www.geckon.sk\/wp-content\/uploads\/2014\/08\/uvod1.jpg\",\"width\":719,\"height\":403},{\"@type\":\"WebPage\",\"@id\":\"https:\/\/www.geckon.sk\/en\/about-us\/#webpage\",\"url\":\"https:\/\/www.geckon.sk\/en\/about-us\/\",\"name\":\"About us - Geckon klub Ko\\u0161ice\",\"isPartOf\":{\"@id\":\"https:\/\/www.geckon.sk\/#website\"},\"primaryImageOfPage\":{\"@id\":\"https:\/\/www.geckon.sk\/en\/about-us\/#primaryimage\"},\"datePublished\":\"2019-01-04T21:48:58+00:00\",\"dateModified\":\"2019-01-04T21:48:58+00:00\",\"breadcrumb\":{\"@id\":\"https:\/\/www.geckon.sk\/en\/about-us\/#breadcrumb\"},\"inLanguage\":\"en-US\",\"potentialAction\":[{\"@type\":\"ReadAction\",\"target\":[\"https:\/\/www.geckon.sk\/en\/about-us\/\"]}]},{\"@type\":\"BreadcrumbList\",\"@id\":\"https:\/\/www.geckon.sk\/en\/about-us\/#breadcrumb\",\"itemListElement\":[{\"@type\":\"ListItem\",\"position\":1,\"item\":{\"@type\":\"WebPage\",\"@id\":\"https:\/\/www.geckon.sk\/en\/\",\"url\":\"https:\/\/www.geckon.sk\/en\/\",\"name\":\"Domovsk\\u00e1 str\\u00e1nka\"}},{\"@type\":\"ListItem\",\"position\":2,\"item\":{\"@type\":\"WebPage\",\"@id\":\"https:\/\/www.geckon.sk\/en\/about-us\/\",\"url\":\"https:\/\/www.geckon.sk\/en\/about-us\/\",\"name\":\"About us\"}}]}]}<\/script>\n<!-- \/ Yoast SEO Premium plugin. -->","jetpack_shortlink":"https:\/\/wp.me\/PajNbF-hA","_links":{"self":[{"href":"https:\/\/www.geckon.sk\/en\/wp-json\/wp\/v2\/pages\/1090"}],"collection":[{"href":"https:\/\/www.geckon.sk\/en\/wp-json\/wp\/v2\/pages"}],"about":[{"href":"https:\/\/www.geckon.sk\/en\/wp-json\/wp\/v2\/types\/page"}],"author":[{"embeddable":true,"href":"https:\/\/www.geckon.sk\/en\/wp-json\/wp\/v2\/users\/1"}],"replies":[{"embeddable":true,"href":"https:\/\/www.geckon.sk\/en\/wp-json\/wp\/v2\/comments?post=1090"}],"version-history":[{"count":5,"href":"https:\/\/www.geckon.sk\/en\/wp-json\/wp\/v2\/pages\/1090\/revisions"}],"predecessor-version":[{"id":1095,"href":"https:\/\/www.geckon.sk\/en\/wp-json\/wp\/v2\/pages\/1090\/revisions\/1095"}],"wp:attachment":[{"href":"https:\/\/www.geckon.sk\/en\/wp-json\/wp\/v2\/media?parent=1090"}],"curies":[{"name":"wp","href":"https:\/\/api.w.org\/{rel}","templated":true}]}}