{"id":1467,"date":"2019-05-04T15:13:41","date_gmt":"2019-05-04T13:13:41","guid":{"rendered":"https:\/\/www.geckon.sk\/?page_id=1467"},"modified":"2020-02-23T18:48:45","modified_gmt":"2020-02-23T17:48:45","slug":"climbing-basics","status":"publish","type":"page","link":"https:\/\/www.geckon.sk\/en\/climbing-courses\/climbing-basics\/","title":{"rendered":"Climbing Basics"},"content":{"rendered":"\t\t<div data-elementor-type=\"wp-page\" data-elementor-id=\"1467\" class=\"elementor elementor-1467 elementor-1073\" data-elementor-settings=\"[]\">\n\t\t\t\t\t\t<div class=\"elementor-inner\">\n\t\t\t\t\t\t\t<div class=\"elementor-section-wrap\">\n\t\t\t\t\t\t\t<section class=\"elementor-section elementor-top-section elementor-element elementor-element-57f5d394 elementor-section-boxed elementor-section-height-default elementor-section-height-default\" data-id=\"57f5d394\" data-element_type=\"section\">\n\t\t\t\t\t\t<div class=\"elementor-container elementor-column-gap-default\">\n\t\t\t\t\t\t\t<div class=\"elementor-row\">\n\t\t\t\t\t<div class=\"elementor-column elementor-col-50 elementor-top-column elementor-element elementor-element-10be6343\" data-id=\"10be6343\" data-element_type=\"column\">\n\t\t\t<div class=\"elementor-column-wrap elementor-element-populated\">\n\t\t\t\t\t\t\t<div class=\"elementor-widget-wrap\">\n\t\t\t\t\t\t<div class=\"elementor-element elementor-element-5b5fc9a4 elementor-widget elementor-widget-text-editor\" data-id=\"5b5fc9a4\" data-element_type=\"widget\" data-widget_type=\"text-editor.default\">\n\t\t\t\t<div class=\"elementor-widget-container\">\n\t\t\t\t\t<div class=\"elementor-text-editor elementor-clearfix\"><p><strong>Want to learn climbing? Are you novice or beginer climber?<\/strong><br \/><strong>Course CLIMBING BASICS is where to start!<\/strong><\/p><ul><li>9 hours course \u2013 devided in 3 sessions<\/li><\/ul><p>\u00a0\u00a0 This course is must for begginers. It focuses on the basics of safe climbing and the proper use of the climbing equipment needed for climbing on the artificial wall.<\/p><p>It&#8217;s also a great opportunity to meet new friends and climbers, and improve climbing skills together with them.<\/p><p>You will learn all necesary skills for independent(stand-alone) climbing on artificial wall:<\/p><ul><li>Safety climbing rules (boulder and wall)<\/li><li>Climbing techniques<\/li><li>Proper belaying (for toprope and for lead climbing)<\/li><li>Rope work<\/li><li>Lead climbing<\/li><\/ul><p style=\"text-indent: 30px;\">The course is led by an instructor who is also a member of the safety committee of the Slovak Climbing Association JAMES, which is the guarantee of the highest quality courses in Eastern Slovakia.<\/p><p style=\"text-align: justify;\"><em>(Je dobr\u00e9 prihlasova\u0165 sa po p\u00e1roch; in\u0161truktor tak m\u00f4\u017ee najlep\u0161ie u\u010di\u0165 lezenie a istenie, no nie je to podmienkou).<\/em><\/p><h3><strong>Cena: 119\u20ac<\/strong><\/h3><\/div>\n\t\t\t\t<\/div>\n\t\t\t\t<\/div>\n\t\t\t\t\t\t<\/div>\n\t\t\t\t\t<\/div>\n\t\t<\/div>\n\t\t\t\t<div class=\"elementor-column elementor-col-50 elementor-top-column elementor-element elementor-element-16ebe797\" data-id=\"16ebe797\" data-element_type=\"column\">\n\t\t\t<div class=\"elementor-column-wrap elementor-element-populated\">\n\t\t\t\t\t\t\t<div class=\"elementor-widget-wrap\">\n\t\t\t\t\t\t<div class=\"elementor-element elementor-element-4f0aa5fd elementor-widget elementor-widget-heading\" data-id=\"4f0aa5fd\" data-element_type=\"widget\" data-widget_type=\"heading.default\">\n\t\t\t\t<div class=\"elementor-widget-container\">\n\t\t\t<h3 class=\"elementor-heading-title elementor-size-default\">Course outline:<\/h3>\t\t<\/div>\n\t\t\t\t<\/div>\n\t\t\t\t<div class=\"elementor-element elementor-element-112e65f3 elementor-icon-list--layout-traditional elementor-list-item-link-full_width elementor-widget elementor-widget-icon-list\" data-id=\"112e65f3\" data-element_type=\"widget\" data-widget_type=\"icon-list.default\">\n\t\t\t\t<div class=\"elementor-widget-container\">\n\t\t\t\t\t<ul class=\"elementor-icon-list-items\">\n\t\t\t\t\t\t\t<li class=\"elementor-icon-list-item\">\n\t\t\t\t\t\t\t\t\t\t\t<span class=\"elementor-icon-list-icon\">\n\t\t\t\t\t\t\t<i aria-hidden=\"true\" class=\"fas fa-archive\"><\/i>\t\t\t\t\t\t<\/span>\n\t\t\t\t\t\t\t\t\t\t<span class=\"elementor-icon-list-text\">Warm-up<\/span>\n\t\t\t\t\t\t\t\t\t<\/li>\n\t\t\t\t\t\t\t\t<li class=\"elementor-icon-list-item\">\n\t\t\t\t\t\t\t\t\t\t\t<span class=\"elementor-icon-list-icon\">\n\t\t\t\t\t\t\t<i aria-hidden=\"true\" class=\"fas fa-archive\"><\/i>\t\t\t\t\t\t<\/span>\n\t\t\t\t\t\t\t\t\t\t<span class=\"elementor-icon-list-text\">Climbing equipment and how to use it properly<\/span>\n\t\t\t\t\t\t\t\t\t<\/li>\n\t\t\t\t\t\t\t\t<li class=\"elementor-icon-list-item\">\n\t\t\t\t\t\t\t\t\t\t\t<span class=\"elementor-icon-list-icon\">\n\t\t\t\t\t\t\t<i aria-hidden=\"true\" class=\"fas fa-archive\"><\/i>\t\t\t\t\t\t<\/span>\n\t\t\t\t\t\t\t\t\t\t<span class=\"elementor-icon-list-text\">Knots and rope work<\/span>\n\t\t\t\t\t\t\t\t\t<\/li>\n\t\t\t\t\t\t\t\t<li class=\"elementor-icon-list-item\">\n\t\t\t\t\t\t\t\t\t\t\t<span class=\"elementor-icon-list-icon\">\n\t\t\t\t\t\t\t<i aria-hidden=\"true\" class=\"fas fa-archive\"><\/i>\t\t\t\t\t\t<\/span>\n\t\t\t\t\t\t\t\t\t\t<span class=\"elementor-icon-list-text\">Climbing commands and communication<\/span>\n\t\t\t\t\t\t\t\t\t<\/li>\n\t\t\t\t\t\t\t\t<li class=\"elementor-icon-list-item\">\n\t\t\t\t\t\t\t\t\t\t\t<span class=\"elementor-icon-list-icon\">\n\t\t\t\t\t\t\t<i aria-hidden=\"true\" class=\"fas fa-archive\"><\/i>\t\t\t\t\t\t<\/span>\n\t\t\t\t\t\t\t\t\t\t<span class=\"elementor-icon-list-text\">Belaying<\/span>\n\t\t\t\t\t\t\t\t\t<\/li>\n\t\t\t\t\t\t\t\t<li class=\"elementor-icon-list-item\">\n\t\t\t\t\t\t\t\t\t\t\t<span class=\"elementor-icon-list-icon\">\n\t\t\t\t\t\t\t<i aria-hidden=\"true\" class=\"fas fa-archive\"><\/i>\t\t\t\t\t\t<\/span>\n\t\t\t\t\t\t\t\t\t\t<span class=\"elementor-icon-list-text\">Climbing techniques<\/span>\n\t\t\t\t\t\t\t\t\t<\/li>\n\t\t\t\t\t\t\t\t<li class=\"elementor-icon-list-item\">\n\t\t\t\t\t\t\t\t\t\t\t<span class=\"elementor-icon-list-icon\">\n\t\t\t\t\t\t\t<i aria-hidden=\"true\" class=\"fas fa-archive\"><\/i>\t\t\t\t\t\t<\/span>\n\t\t\t\t\t\t\t\t\t\t<span class=\"elementor-icon-list-text\">Climbing grades explained<\/span>\n\t\t\t\t\t\t\t\t\t<\/li>\n\t\t\t\t\t\t<\/ul>\n\t\t\t\t<\/div>\n\t\t\t\t<\/div>\n\t\t\t\t<div class=\"elementor-element elementor-element-5f7f8cf4 elementor-widget elementor-widget-heading\" data-id=\"5f7f8cf4\" data-element_type=\"widget\" data-widget_type=\"heading.default\">\n\t\t\t\t<div class=\"elementor-widget-container\">\n\t\t\t<h2 class=\"elementor-heading-title elementor-size-default\">What's included:<\/h2>\t\t<\/div>\n\t\t\t\t<\/div>\n\t\t\t\t<div class=\"elementor-element elementor-element-4d0bf19e elementor-icon-list--layout-traditional elementor-list-item-link-full_width elementor-widget elementor-widget-icon-list\" data-id=\"4d0bf19e\" data-element_type=\"widget\" data-widget_type=\"icon-list.default\">\n\t\t\t\t<div class=\"elementor-widget-container\">\n\t\t\t\t\t<ul class=\"elementor-icon-list-items\">\n\t\t\t\t\t\t\t<li class=\"elementor-icon-list-item\">\n\t\t\t\t\t\t\t\t\t\t\t<span class=\"elementor-icon-list-icon\">\n\t\t\t\t\t\t\t<i aria-hidden=\"true\" class=\"fas fa-check\"><\/i>\t\t\t\t\t\t<\/span>\n\t\t\t\t\t\t\t\t\t\t<span class=\"elementor-icon-list-text\">Climbing wall entrance<\/span>\n\t\t\t\t\t\t\t\t\t<\/li>\n\t\t\t\t\t\t\t\t<li class=\"elementor-icon-list-item\">\n\t\t\t\t\t\t\t\t\t\t\t<span class=\"elementor-icon-list-icon\">\n\t\t\t\t\t\t\t<i aria-hidden=\"true\" class=\"fas fa-check\"><\/i>\t\t\t\t\t\t<\/span>\n\t\t\t\t\t\t\t\t\t\t<span class=\"elementor-icon-list-text\">Climbing equipment<\/span>\n\t\t\t\t\t\t\t\t\t<\/li>\n\t\t\t\t\t\t\t\t<li class=\"elementor-icon-list-item\">\n\t\t\t\t\t\t\t\t\t\t\t<span class=\"elementor-icon-list-icon\">\n\t\t\t\t\t\t\t<i aria-hidden=\"true\" class=\"fas fa-check\"><\/i>\t\t\t\t\t\t<\/span>\n\t\t\t\t\t\t\t\t\t\t<span class=\"elementor-icon-list-text\">Instructor<\/span>\n\t\t\t\t\t\t\t\t\t<\/li>\n\t\t\t\t\t\t<\/ul>\n\t\t\t\t<\/div>\n\t\t\t\t<\/div>\n\t\t\t\t\t\t<\/div>\n\t\t\t\t\t<\/div>\n\t\t<\/div>\n\t\t\t\t\t\t\t\t<\/div>\n\t\t\t\t\t<\/div>\n\t\t<\/section>\n\t\t\t\t<section class=\"elementor-section elementor-top-section elementor-element elementor-element-22865487 elementor-section-boxed elementor-section-height-default elementor-section-height-default\" data-id=\"22865487\" data-element_type=\"section\">\n\t\t\t\t\t\t<div class=\"elementor-container elementor-column-gap-default\">\n\t\t\t\t\t\t\t<div class=\"elementor-row\">\n\t\t\t\t\t<div class=\"elementor-column elementor-col-100 elementor-top-column elementor-element elementor-element-74f1ec8a\" data-id=\"74f1ec8a\" data-element_type=\"column\">\n\t\t\t<div class=\"elementor-column-wrap elementor-element-populated\">\n\t\t\t\t\t\t\t<div class=\"elementor-widget-wrap\">\n\t\t\t\t\t\t<div class=\"elementor-element elementor-element-494abcbc elementor-widget elementor-widget-text-editor\" data-id=\"494abcbc\" data-element_type=\"widget\" data-widget_type=\"text-editor.default\">\n\t\t\t\t<div class=\"elementor-widget-container\">\n\t\t\t\t\t<div class=\"elementor-text-editor elementor-clearfix\"><h3 style=\"text-align: center;\"><strong>Prihl\u00e1ste sa e\u0161te dnes<\/strong><\/h3><p style=\"text-align: center;\">Nevyhovuje v\u00e1m pripraven\u00fd kurz?<br \/>Chceli by ste nie\u010do in\u00e9?<\/p><p style=\"text-align: center;\">Nev\u00e1hajte <a href=\"#text-4\"><strong>n\u00e1s kontaktova\u0165<\/strong><\/a> s Va\u0161imi predstavami<br \/>a spolu priprav\u00edme kurz na mieru len pre V\u00e1s.<\/p><p>\u00a0<\/p><\/div>\n\t\t\t\t<\/div>\n\t\t\t\t<\/div>\n\t\t\t\t\t\t<\/div>\n\t\t\t\t\t<\/div>\n\t\t<\/div>\n\t\t\t\t\t\t\t\t<\/div>\n\t\t\t\t\t<\/div>\n\t\t<\/section>\n\t\t\t\t<section class=\"elementor-section elementor-top-section elementor-element elementor-element-11895291 elementor-section-boxed elementor-section-height-default elementor-section-height-default\" data-id=\"11895291\" data-element_type=\"section\">\n\t\t\t\t\t\t<div class=\"elementor-container elementor-column-gap-default\">\n\t\t\t\t\t\t\t<div class=\"elementor-row\">\n\t\t\t\t\t<div class=\"elementor-column elementor-col-100 elementor-top-column elementor-element elementor-element-380a94e2\" data-id=\"380a94e2\" data-element_type=\"column\">\n\t\t\t<div class=\"elementor-column-wrap elementor-element-populated\">\n\t\t\t\t\t\t\t<div class=\"elementor-widget-wrap\">\n\t\t\t\t\t\t<div class=\"elementor-element elementor-element-101055f0 elementor-widget elementor-widget-heading\" data-id=\"101055f0\" data-element_type=\"widget\" data-widget_type=\"heading.default\">\n\t\t\t\t<div class=\"elementor-widget-container\">\n\t\t\t<h2 class=\"elementor-heading-title elementor-size-default\">Kurzy, ktor\u00e9 by v\u00e1s mohli zauj\u00edma\u0165<\/h2>\t\t<\/div>\n\t\t\t\t<\/div>\n\t\t\t\t\t\t<\/div>\n\t\t\t\t\t<\/div>\n\t\t<\/div>\n\t\t\t\t\t\t\t\t<\/div>\n\t\t\t\t\t<\/div>\n\t\t<\/section>\n\t\t\t\t<section class=\"elementor-section elementor-top-section elementor-element elementor-element-d5cfd22 elementor-section-boxed elementor-section-height-default elementor-section-height-default\" data-id=\"d5cfd22\" data-element_type=\"section\">\n\t\t\t\t\t\t<div class=\"elementor-container elementor-column-gap-default\">\n\t\t\t\t\t\t\t<div class=\"elementor-row\">\n\t\t\t\t\t<div class=\"elementor-column elementor-col-33 elementor-top-column elementor-element elementor-element-375688b9\" data-id=\"375688b9\" data-element_type=\"column\">\n\t\t\t<div class=\"elementor-column-wrap elementor-element-populated\">\n\t\t\t\t\t\t\t<div class=\"elementor-widget-wrap\">\n\t\t\t\t\t\t<div class=\"elementor-element elementor-element-1df682e4 elementor-widget elementor-widget-text-editor\" data-id=\"1df682e4\" data-element_type=\"widget\" data-widget_type=\"text-editor.default\">\n\t\t\t\t<div class=\"elementor-widget-container\">\n\t\t\t\t\t<div class=\"elementor-text-editor elementor-clearfix\"><p><a href=\"https:\/\/www.geckon.sk\/en\/climbing-courses\/rock-climbing-taster\/\"><img loading=\"lazy\" class=\"aligncenter\" src=\"https:\/\/www.geckon.sk\/wp-content\/uploads\/headers\/ochutnavka_skaly.jpg\" alt=\"tahanie\" width=\"1600\" height=\"900\" \/><\/a><\/p><h2 style=\"text-align: center;\">Ochutn\u00e1vka skaln\u00e9ho lezenia<\/h2><p style=\"text-align: center;\">Celodenn\u00e9 lezenie, pre t\u00fdch, ktor\u00ed chc\u00fa vysk\u00fa\u0161a\u0165 nie\u010do nov\u00e9<\/p><\/div>\n\t\t\t\t<\/div>\n\t\t\t\t<\/div>\n\t\t\t\t\t\t<\/div>\n\t\t\t\t\t<\/div>\n\t\t<\/div>\n\t\t\t\t<div class=\"elementor-column elementor-col-33 elementor-top-column elementor-element elementor-element-3e8608eb\" data-id=\"3e8608eb\" data-element_type=\"column\">\n\t\t\t<div class=\"elementor-column-wrap elementor-element-populated\">\n\t\t\t\t\t\t\t<div class=\"elementor-widget-wrap\">\n\t\t\t\t\t\t<div class=\"elementor-element elementor-element-7978a1c6 elementor-widget elementor-widget-text-editor\" data-id=\"7978a1c6\" data-element_type=\"widget\" data-widget_type=\"text-editor.default\">\n\t\t\t\t<div class=\"elementor-widget-container\">\n\t\t\t\t\t<div class=\"elementor-text-editor elementor-clearfix\"><p><a href=\"https:\/\/www.geckon.sk\/en\/climbing-courses\/gym-to-rock-transition\/\"><img loading=\"lazy\" class=\"aligncenter\" src=\"https:\/\/www.geckon.sk\/wp-content\/uploads\/2014\/08\/uvod6.jpg\" alt=\"zaklady2\" width=\"719\" height=\"403\" \/><\/a><\/p><h2 style=\"text-align: center;\">Zo steny na skaly<\/h2><p style=\"text-align: center;\">V\u00edkendov\u00fd kurz, po ktorom budete schopn\u00fd samostatn\u00e9ho pohybu na skal\u00e1ch<\/p><\/div>\n\t\t\t\t<\/div>\n\t\t\t\t<\/div>\n\t\t\t\t\t\t<\/div>\n\t\t\t\t\t<\/div>\n\t\t<\/div>\n\t\t\t\t<div class=\"elementor-column elementor-col-33 elementor-top-column elementor-element elementor-element-2091cd44\" data-id=\"2091cd44\" data-element_type=\"column\">\n\t\t\t<div class=\"elementor-column-wrap elementor-element-populated\">\n\t\t\t\t\t\t\t<div class=\"elementor-widget-wrap\">\n\t\t\t\t\t\t<div class=\"elementor-element elementor-element-3b16f96b elementor-widget elementor-widget-text-editor\" data-id=\"3b16f96b\" data-element_type=\"widget\" data-widget_type=\"text-editor.default\">\n\t\t\t\t<div class=\"elementor-widget-container\">\n\t\t\t\t\t<div class=\"elementor-text-editor elementor-clearfix\"><p><a href=\"https:\/\/www.geckon.sk\/en\/climbing-courses\/rock-climbing-course\/\"><img loading=\"lazy\" class=\"aligncenter\" src=\"https:\/\/www.geckon.sk\/wp-content\/uploads\/headers\/zhk_manin.jpg\" alt=\"zaklady2\" width=\"1600\" height=\"900\" \/><\/a><\/p><h2 style=\"text-align: center;\">Z\u00e1kladn\u00fd horolezeck\u00fd kurz<\/h2><p style=\"text-align: center;\">Na skal\u00e1ch v okol\u00ed Ko\u0161\u00edc<\/p><\/div>\n\t\t\t\t<\/div>\n\t\t\t\t<\/div>\n\t\t\t\t\t\t<\/div>\n\t\t\t\t\t<\/div>\n\t\t<\/div>\n\t\t\t\t\t\t\t\t<\/div>\n\t\t\t\t\t<\/div>\n\t\t<\/section>\n\t\t\t\t\t\t<\/div>\n\t\t\t\t\t\t<\/div>\n\t\t\t\t\t<\/div>\n\t\t","protected":false},"excerpt":{"rendered":"<p>Want to learn climbing? Are you novice or beginer climber?Course CLIMBING BASICS is where to start! 9 hours course \u2013 devided in 3 sessions \u00a0\u00a0 This course is must for begginers. It focuses on the basics of safe climbing and the proper use of the climbing equipment needed for climbing on the artificial wall. It&#8217;s [&hellip;]<\/p>\n","protected":false},"author":1,"featured_media":0,"parent":1485,"menu_order":0,"comment_status":"closed","ping_status":"closed","template":"full-width.php","meta":{"spay_email":""},"yoast_head":"<!-- This site is optimized with the Yoast SEO Premium plugin v16.1.1 - https:\/\/yoast.com\/wordpress\/plugins\/seo\/ -->\n<title>Climbing Basics - Geckon klub Ko\u0161ice<\/title>\n<link rel=\"canonical\" href=\"https:\/\/www.geckon.sk\/en\/climbing-courses\/climbing-basics\/\" \/>\n<meta property=\"og:locale\" content=\"en_US\" \/>\n<meta property=\"og:type\" content=\"article\" \/>\n<meta property=\"og:title\" content=\"Climbing Basics - Geckon klub Ko\u0161ice\" \/>\n<meta property=\"og:description\" content=\"Want to learn climbing? Are you novice or beginer climber?Course CLIMBING BASICS is where to start! 9 hours course \u2013 devided in 3 sessions \u00a0\u00a0 This course is must for begginers. It focuses on the basics of safe climbing and the proper use of the climbing equipment needed for climbing on the artificial wall. It&#8217;s [&hellip;]\" \/>\n<meta property=\"og:url\" content=\"https:\/\/www.geckon.sk\/en\/climbing-courses\/climbing-basics\/\" \/>\n<meta property=\"og:site_name\" content=\"Geckon klub Ko\u0161ice\" \/>\n<meta property=\"article:publisher\" content=\"https:\/\/www.facebook.com\/geckonklub\/\" \/>\n<meta property=\"article:modified_time\" content=\"2020-02-23T17:48:45+00:00\" \/>\n<meta property=\"og:image\" content=\"https:\/\/www.geckon.sk\/wp-content\/uploads\/headers\/ochutnavka_skaly.jpg\" \/>\n<meta name=\"twitter:card\" content=\"summary\" \/>\n<meta name=\"twitter:site\" content=\"@geckonklub\" \/>\n<meta name=\"twitter:label1\" content=\"Est. reading time\">\n\t<meta name=\"twitter:data1\" content=\"1 minute\">\n<script type=\"application\/ld+json\" class=\"yoast-schema-graph\">{\"@context\":\"https:\/\/schema.org\",\"@graph\":[{\"@type\":\"WebSite\",\"@id\":\"https:\/\/www.geckon.sk\/#website\",\"url\":\"https:\/\/www.geckon.sk\/\",\"name\":\"Geckon klub Ko\\u0161ice\",\"description\":\"\",\"potentialAction\":[{\"@type\":\"SearchAction\",\"target\":\"https:\/\/www.geckon.sk\/?s={search_term_string}\",\"query-input\":\"required name=search_term_string\"}],\"inLanguage\":\"en-US\"},{\"@type\":\"ImageObject\",\"@id\":\"https:\/\/www.geckon.sk\/en\/climbing-courses\/climbing-basics\/#primaryimage\",\"inLanguage\":\"en-US\",\"url\":\"https:\/\/www.geckon.sk\/wp-content\/uploads\/headers\/ochutnavka_skaly.jpg\",\"contentUrl\":\"https:\/\/www.geckon.sk\/wp-content\/uploads\/headers\/ochutnavka_skaly.jpg\",\"width\":1600,\"height\":900},{\"@type\":\"WebPage\",\"@id\":\"https:\/\/www.geckon.sk\/en\/climbing-courses\/climbing-basics\/#webpage\",\"url\":\"https:\/\/www.geckon.sk\/en\/climbing-courses\/climbing-basics\/\",\"name\":\"Climbing Basics - Geckon klub Ko\\u0161ice\",\"isPartOf\":{\"@id\":\"https:\/\/www.geckon.sk\/#website\"},\"primaryImageOfPage\":{\"@id\":\"https:\/\/www.geckon.sk\/en\/climbing-courses\/climbing-basics\/#primaryimage\"},\"datePublished\":\"2019-05-04T13:13:41+00:00\",\"dateModified\":\"2020-02-23T17:48:45+00:00\",\"breadcrumb\":{\"@id\":\"https:\/\/www.geckon.sk\/en\/climbing-courses\/climbing-basics\/#breadcrumb\"},\"inLanguage\":\"en-US\",\"potentialAction\":[{\"@type\":\"ReadAction\",\"target\":[\"https:\/\/www.geckon.sk\/en\/climbing-courses\/climbing-basics\/\"]}]},{\"@type\":\"BreadcrumbList\",\"@id\":\"https:\/\/www.geckon.sk\/en\/climbing-courses\/climbing-basics\/#breadcrumb\",\"itemListElement\":[{\"@type\":\"ListItem\",\"position\":1,\"item\":{\"@type\":\"WebPage\",\"@id\":\"https:\/\/www.geckon.sk\/en\/\",\"url\":\"https:\/\/www.geckon.sk\/en\/\",\"name\":\"Domovsk\\u00e1 str\\u00e1nka\"}},{\"@type\":\"ListItem\",\"position\":2,\"item\":{\"@type\":\"WebPage\",\"@id\":\"https:\/\/www.geckon.sk\/en\/climbing-courses\/\",\"url\":\"https:\/\/www.geckon.sk\/en\/climbing-courses\/\",\"name\":\"Climbing Courses\"}},{\"@type\":\"ListItem\",\"position\":3,\"item\":{\"@type\":\"WebPage\",\"@id\":\"https:\/\/www.geckon.sk\/en\/climbing-courses\/climbing-basics\/\",\"url\":\"https:\/\/www.geckon.sk\/en\/climbing-courses\/climbing-basics\/\",\"name\":\"Climbing Basics\"}}]}]}<\/script>\n<!-- \/ Yoast SEO Premium plugin. -->","jetpack_shortlink":"https:\/\/wp.me\/PajNbF-nF","_links":{"self":[{"href":"https:\/\/www.geckon.sk\/en\/wp-json\/wp\/v2\/pages\/1467"}],"collection":[{"href":"https:\/\/www.geckon.sk\/en\/wp-json\/wp\/v2\/pages"}],"about":[{"href":"https:\/\/www.geckon.sk\/en\/wp-json\/wp\/v2\/types\/page"}],"author":[{"embeddable":true,"href":"https:\/\/www.geckon.sk\/en\/wp-json\/wp\/v2\/users\/1"}],"replies":[{"embeddable":true,"href":"https:\/\/www.geckon.sk\/en\/wp-json\/wp\/v2\/comments?post=1467"}],"version-history":[{"count":12,"href":"https:\/\/www.geckon.sk\/en\/wp-json\/wp\/v2\/pages\/1467\/revisions"}],"predecessor-version":[{"id":2388,"href":"https:\/\/www.geckon.sk\/en\/wp-json\/wp\/v2\/pages\/1467\/revisions\/2388"}],"up":[{"embeddable":true,"href":"https:\/\/www.geckon.sk\/en\/wp-json\/wp\/v2\/pages\/1485"}],"wp:attachment":[{"href":"https:\/\/www.geckon.sk\/en\/wp-json\/wp\/v2\/media?parent=1467"}],"curies":[{"name":"wp","href":"https:\/\/api.w.org\/{rel}","templated":true}]}}