{"id":1472,"date":"2019-05-04T14:47:51","date_gmt":"2019-05-04T12:47:51","guid":{"rendered":"https:\/\/www.geckon.sk\/?page_id=1472"},"modified":"2020-02-23T18:50:16","modified_gmt":"2020-02-23T17:50:16","slug":"rock-climbing-taster","status":"publish","type":"page","link":"https:\/\/www.geckon.sk\/en\/climbing-courses\/rock-climbing-taster\/","title":{"rendered":"Rock Climbing Taster"},"content":{"rendered":"\t\t<div data-elementor-type=\"wp-page\" data-elementor-id=\"1472\" class=\"elementor elementor-1472 elementor-24\" data-elementor-settings=\"[]\">\n\t\t\t\t\t\t<div class=\"elementor-inner\">\n\t\t\t\t\t\t\t<div class=\"elementor-section-wrap\">\n\t\t\t\t\t\t\t<section class=\"elementor-section elementor-top-section elementor-element elementor-element-48a2d743 elementor-section-boxed elementor-section-height-default elementor-section-height-default\" data-id=\"48a2d743\" data-element_type=\"section\">\n\t\t\t\t\t\t<div class=\"elementor-container elementor-column-gap-default\">\n\t\t\t\t\t\t\t<div class=\"elementor-row\">\n\t\t\t\t\t<div class=\"elementor-column elementor-col-50 elementor-top-column elementor-element elementor-element-254cf0a4\" data-id=\"254cf0a4\" data-element_type=\"column\">\n\t\t\t<div class=\"elementor-column-wrap elementor-element-populated\">\n\t\t\t\t\t\t\t<div class=\"elementor-widget-wrap\">\n\t\t\t\t\t\t<div class=\"elementor-element elementor-element-4a7a5108 elementor-widget elementor-widget-text-editor\" data-id=\"4a7a5108\" data-element_type=\"widget\" data-widget_type=\"text-editor.default\">\n\t\t\t\t<div class=\"elementor-widget-container\">\n\t\t\t\t\t<div class=\"elementor-text-editor elementor-clearfix\"><p><strong>Do you like to stay outside? Do you like nature and outdoor sports?<\/strong><br \/><strong>Do you want to try something new, challenge yourself?<\/strong><br \/><strong>ROCK CLIMBING TASTER is perfect for you!<\/strong><\/p><ul><li>1-day rock climbing on crags near Ko\u0161ice<\/li><\/ul><p style=\"text-indent: 30px;\">Course is ideal for individuals and groups of all ages who want to try rock climbing under supervising of instructor.<\/p><p style=\"text-indent: 30px;\">As this is just a taster, you will not be bothered with theory or advanced techniques. It&#8217;s all about fun, but if you will be interested, you can learn how to tie-in or maybe even belay your partner. This depends fully on you.<\/p><p style=\"text-indent: 30px;\">The course is led by an instructor who is also a member of the safety committee of the Slovak Climbing Association JAMES, which is the guarantee of the highest quality courses in Eastern Slovakia.<\/p><h3><strong>Price: 49\u20ac<\/strong><\/h3><\/div>\n\t\t\t\t<\/div>\n\t\t\t\t<\/div>\n\t\t\t\t\t\t<\/div>\n\t\t\t\t\t<\/div>\n\t\t<\/div>\n\t\t\t\t<div class=\"elementor-column elementor-col-50 elementor-top-column elementor-element elementor-element-19c1a2c4\" data-id=\"19c1a2c4\" data-element_type=\"column\">\n\t\t\t<div class=\"elementor-column-wrap elementor-element-populated\">\n\t\t\t\t\t\t\t<div class=\"elementor-widget-wrap\">\n\t\t\t\t\t\t<div class=\"elementor-element elementor-element-190f16c4 elementor-widget elementor-widget-heading\" data-id=\"190f16c4\" data-element_type=\"widget\" data-widget_type=\"heading.default\">\n\t\t\t\t<div class=\"elementor-widget-container\">\n\t\t\t<h2 class=\"elementor-heading-title elementor-size-default\">Course outline:<\/h2>\t\t<\/div>\n\t\t\t\t<\/div>\n\t\t\t\t<div class=\"elementor-element elementor-element-11a8acc7 elementor-icon-list--layout-traditional elementor-list-item-link-full_width elementor-widget elementor-widget-icon-list\" data-id=\"11a8acc7\" data-element_type=\"widget\" data-widget_type=\"icon-list.default\">\n\t\t\t\t<div class=\"elementor-widget-container\">\n\t\t\t\t\t<ul class=\"elementor-icon-list-items\">\n\t\t\t\t\t\t\t<li class=\"elementor-icon-list-item\">\n\t\t\t\t\t\t\t\t\t\t\t<span class=\"elementor-icon-list-icon\">\n\t\t\t\t\t\t\t<i aria-hidden=\"true\" class=\"fas fa-archive\"><\/i>\t\t\t\t\t\t<\/span>\n\t\t\t\t\t\t\t\t\t\t<span class=\"elementor-icon-list-text\">Proper tie-in<\/span>\n\t\t\t\t\t\t\t\t\t<\/li>\n\t\t\t\t\t\t\t\t<li class=\"elementor-icon-list-item\">\n\t\t\t\t\t\t\t\t\t\t\t<span class=\"elementor-icon-list-icon\">\n\t\t\t\t\t\t\t<i aria-hidden=\"true\" class=\"fas fa-archive\"><\/i>\t\t\t\t\t\t<\/span>\n\t\t\t\t\t\t\t\t\t\t<span class=\"elementor-icon-list-text\">Movement over the rock<\/span>\n\t\t\t\t\t\t\t\t\t<\/li>\n\t\t\t\t\t\t\t\t<li class=\"elementor-icon-list-item\">\n\t\t\t\t\t\t\t\t\t\t\t<span class=\"elementor-icon-list-icon\">\n\t\t\t\t\t\t\t<i aria-hidden=\"true\" class=\"fas fa-archive\"><\/i>\t\t\t\t\t\t<\/span>\n\t\t\t\t\t\t\t\t\t\t<span class=\"elementor-icon-list-text\">Lot of rock climbing<\/span>\n\t\t\t\t\t\t\t\t\t<\/li>\n\t\t\t\t\t\t<\/ul>\n\t\t\t\t<\/div>\n\t\t\t\t<\/div>\n\t\t\t\t<div class=\"elementor-element elementor-element-1d665779 elementor-widget elementor-widget-heading\" data-id=\"1d665779\" data-element_type=\"widget\" data-widget_type=\"heading.default\">\n\t\t\t\t<div class=\"elementor-widget-container\">\n\t\t\t<h2 class=\"elementor-heading-title elementor-size-default\">What's included:<\/h2>\t\t<\/div>\n\t\t\t\t<\/div>\n\t\t\t\t<div class=\"elementor-element elementor-element-be7167c elementor-icon-list--layout-traditional elementor-list-item-link-full_width elementor-widget elementor-widget-icon-list\" data-id=\"be7167c\" data-element_type=\"widget\" data-widget_type=\"icon-list.default\">\n\t\t\t\t<div class=\"elementor-widget-container\">\n\t\t\t\t\t<ul class=\"elementor-icon-list-items\">\n\t\t\t\t\t\t\t<li class=\"elementor-icon-list-item\">\n\t\t\t\t\t\t\t\t\t\t\t<span class=\"elementor-icon-list-icon\">\n\t\t\t\t\t\t\t<i aria-hidden=\"true\" class=\"fas fa-check\"><\/i>\t\t\t\t\t\t<\/span>\n\t\t\t\t\t\t\t\t\t\t<span class=\"elementor-icon-list-text\">Instructor<\/span>\n\t\t\t\t\t\t\t\t\t<\/li>\n\t\t\t\t\t\t\t\t<li class=\"elementor-icon-list-item\">\n\t\t\t\t\t\t\t\t\t\t\t<span class=\"elementor-icon-list-icon\">\n\t\t\t\t\t\t\t<i aria-hidden=\"true\" class=\"fas fa-check\"><\/i>\t\t\t\t\t\t<\/span>\n\t\t\t\t\t\t\t\t\t\t<span class=\"elementor-icon-list-text\">Climbing equipment<\/span>\n\t\t\t\t\t\t\t\t\t<\/li>\n\t\t\t\t\t\t\t\t<li class=\"elementor-icon-list-item\">\n\t\t\t\t\t\t\t\t\t\t\t<span class=\"elementor-icon-list-icon\">\n\t\t\t\t\t\t\t<i aria-hidden=\"true\" class=\"fas fa-check\"><\/i>\t\t\t\t\t\t<\/span>\n\t\t\t\t\t\t\t\t\t\t<span class=\"elementor-icon-list-text\">Transport during the course<\/span>\n\t\t\t\t\t\t\t\t\t<\/li>\n\t\t\t\t\t\t<\/ul>\n\t\t\t\t<\/div>\n\t\t\t\t<\/div>\n\t\t\t\t\t\t<\/div>\n\t\t\t\t\t<\/div>\n\t\t<\/div>\n\t\t\t\t\t\t\t\t<\/div>\n\t\t\t\t\t<\/div>\n\t\t<\/section>\n\t\t\t\t<section class=\"elementor-section elementor-top-section elementor-element elementor-element-45210786 elementor-section-boxed elementor-section-height-default elementor-section-height-default\" data-id=\"45210786\" data-element_type=\"section\">\n\t\t\t\t\t\t<div class=\"elementor-container elementor-column-gap-default\">\n\t\t\t\t\t\t\t<div class=\"elementor-row\">\n\t\t\t\t\t<div class=\"elementor-column elementor-col-100 elementor-top-column elementor-element elementor-element-1a8bd39e\" data-id=\"1a8bd39e\" data-element_type=\"column\">\n\t\t\t<div class=\"elementor-column-wrap elementor-element-populated\">\n\t\t\t\t\t\t\t<div class=\"elementor-widget-wrap\">\n\t\t\t\t\t\t<div class=\"elementor-element elementor-element-4833b344 elementor-widget elementor-widget-text-editor\" data-id=\"4833b344\" data-element_type=\"widget\" data-widget_type=\"text-editor.default\">\n\t\t\t\t<div class=\"elementor-widget-container\">\n\t\t\t\t\t<div class=\"elementor-text-editor elementor-clearfix\"><h2 style=\"text-align: center;\"><strong>Prihl\u00e1ste sa e\u0161te dnes<\/strong><\/h2>\n<p style=\"text-align: center;\">Nevyhovuje v\u00e1m pripraven\u00fd kurz?<br>Chceli by ste nie\u010do in\u00e9?<\/p>\n<p style=\"text-align: center;\">Nev\u00e1hajte <a href=\"#text-4\"><strong>n\u00e1s kontaktova\u0165<\/strong><\/a> s Va\u0161imi predstavami<br>a spolu priprav\u00edme kurz na mieru len pre V\u00e1s.<\/p>\n<p><\/p><\/div>\n\t\t\t\t<\/div>\n\t\t\t\t<\/div>\n\t\t\t\t\t\t<\/div>\n\t\t\t\t\t<\/div>\n\t\t<\/div>\n\t\t\t\t\t\t\t\t<\/div>\n\t\t\t\t\t<\/div>\n\t\t<\/section>\n\t\t\t\t<section class=\"elementor-section elementor-top-section elementor-element elementor-element-49e42018 elementor-section-boxed elementor-section-height-default elementor-section-height-default\" data-id=\"49e42018\" data-element_type=\"section\">\n\t\t\t\t\t\t<div class=\"elementor-container elementor-column-gap-default\">\n\t\t\t\t\t\t\t<div class=\"elementor-row\">\n\t\t\t\t\t<div class=\"elementor-column elementor-col-100 elementor-top-column elementor-element elementor-element-7aec217b\" data-id=\"7aec217b\" data-element_type=\"column\">\n\t\t\t<div class=\"elementor-column-wrap elementor-element-populated\">\n\t\t\t\t\t\t\t<div class=\"elementor-widget-wrap\">\n\t\t\t\t\t\t<div class=\"elementor-element elementor-element-26e7235f elementor-widget elementor-widget-heading\" data-id=\"26e7235f\" data-element_type=\"widget\" data-widget_type=\"heading.default\">\n\t\t\t\t<div class=\"elementor-widget-container\">\n\t\t\t<h2 class=\"elementor-heading-title elementor-size-default\">Might be interesting for you<\/h2>\t\t<\/div>\n\t\t\t\t<\/div>\n\t\t\t\t\t\t<\/div>\n\t\t\t\t\t<\/div>\n\t\t<\/div>\n\t\t\t\t\t\t\t\t<\/div>\n\t\t\t\t\t<\/div>\n\t\t<\/section>\n\t\t\t\t<section class=\"elementor-section elementor-top-section elementor-element elementor-element-7c877b36 elementor-section-boxed elementor-section-height-default elementor-section-height-default\" data-id=\"7c877b36\" data-element_type=\"section\">\n\t\t\t\t\t\t<div class=\"elementor-container elementor-column-gap-default\">\n\t\t\t\t\t\t\t<div class=\"elementor-row\">\n\t\t\t\t\t<div class=\"elementor-column elementor-col-33 elementor-top-column elementor-element elementor-element-51200c98\" data-id=\"51200c98\" data-element_type=\"column\">\n\t\t\t<div class=\"elementor-column-wrap elementor-element-populated\">\n\t\t\t\t\t\t\t<div class=\"elementor-widget-wrap\">\n\t\t\t\t\t\t<div class=\"elementor-element elementor-element-7d7c528d elementor-widget elementor-widget-text-editor\" data-id=\"7d7c528d\" data-element_type=\"widget\" data-widget_type=\"text-editor.default\">\n\t\t\t\t<div class=\"elementor-widget-container\">\n\t\t\t\t\t<div class=\"elementor-text-editor elementor-clearfix\"><p><a href=\"https:\/\/www.geckon.sk\/en\/climbing-courses\/climbing-basics\/\"><img loading=\"lazy\" class=\"aligncenter\" src=\"https:\/\/www.geckon.sk\/wp-content\/uploads\/headers\/zakladny_lezecky_kurz.jpg\" alt=\"zaklady\" width=\"1600\" height=\"900\" \/><\/a><\/p><h2 style=\"text-align: center;\">Climbing Basics<\/h2><p style=\"text-align: center;\">Learn basics for independent climbing<\/p><\/div>\n\t\t\t\t<\/div>\n\t\t\t\t<\/div>\n\t\t\t\t\t\t<\/div>\n\t\t\t\t\t<\/div>\n\t\t<\/div>\n\t\t\t\t<div class=\"elementor-column elementor-col-33 elementor-top-column elementor-element elementor-element-5729862\" data-id=\"5729862\" data-element_type=\"column\">\n\t\t\t<div class=\"elementor-column-wrap elementor-element-populated\">\n\t\t\t\t\t\t\t<div class=\"elementor-widget-wrap\">\n\t\t\t\t\t\t<div class=\"elementor-element elementor-element-763af16e elementor-widget elementor-widget-text-editor\" data-id=\"763af16e\" data-element_type=\"widget\" data-widget_type=\"text-editor.default\">\n\t\t\t\t<div class=\"elementor-widget-container\">\n\t\t\t\t\t<div class=\"elementor-text-editor elementor-clearfix\"><p><a href=\"https:\/\/www.geckon.sk\/en\/climbing-courses\/climbing-taster\/\"><img loading=\"lazy\" class=\"aligncenter\" src=\"https:\/\/www.geckon.sk\/wp-content\/uploads\/headers\/ochutnavka_stena.jpg\" alt=\"Ochutnavka lezenia\" width=\"1600\" height=\"900\" \/><\/a><\/p><h2 style=\"text-align: center;\">Climbing Taster<\/h2><p style=\"text-align: center;\" align=\"center\">Try climbing with us\u2026<\/p><\/div>\n\t\t\t\t<\/div>\n\t\t\t\t<\/div>\n\t\t\t\t\t\t<\/div>\n\t\t\t\t\t<\/div>\n\t\t<\/div>\n\t\t\t\t<div class=\"elementor-column elementor-col-33 elementor-top-column elementor-element elementor-element-5ca0e947\" data-id=\"5ca0e947\" data-element_type=\"column\">\n\t\t\t<div class=\"elementor-column-wrap elementor-element-populated\">\n\t\t\t\t\t\t\t<div class=\"elementor-widget-wrap\">\n\t\t\t\t\t\t<div class=\"elementor-element elementor-element-6ca8ba83 elementor-widget elementor-widget-text-editor\" data-id=\"6ca8ba83\" data-element_type=\"widget\" data-widget_type=\"text-editor.default\">\n\t\t\t\t<div class=\"elementor-widget-container\">\n\t\t\t\t\t<div class=\"elementor-text-editor elementor-clearfix\"><p><a href=\"https:\/\/www.geckon.sk\/en\/climbing-courses\/rock-climbing-course\/\"><img loading=\"lazy\" class=\"aligncenter\" src=\"https:\/\/www.geckon.sk\/wp-content\/uploads\/headers\/zhk_manin.jpg\" alt=\"zaklady2\" width=\"1600\" height=\"900\" \/><\/a><\/p><h2 style=\"text-align: center;\">Rock Climbing Course<\/h2><p style=\"text-align: center;\">Every serious climber-to-be should attend<\/p><\/div>\n\t\t\t\t<\/div>\n\t\t\t\t<\/div>\n\t\t\t\t\t\t<\/div>\n\t\t\t\t\t<\/div>\n\t\t<\/div>\n\t\t\t\t\t\t\t\t<\/div>\n\t\t\t\t\t<\/div>\n\t\t<\/section>\n\t\t\t\t\t\t<\/div>\n\t\t\t\t\t\t<\/div>\n\t\t\t\t\t<\/div>\n\t\t","protected":false},"excerpt":{"rendered":"<p>Do you like to stay outside? Do you like nature and outdoor sports?Do you want to try something new, challenge yourself?ROCK CLIMBING TASTER is perfect for you! 1-day rock climbing on crags near Ko\u0161ice Course is ideal for individuals and groups of all ages who want to try rock climbing under supervising of instructor. As [&hellip;]<\/p>\n","protected":false},"author":1,"featured_media":0,"parent":1485,"menu_order":1,"comment_status":"closed","ping_status":"closed","template":"full-width.php","meta":{"spay_email":""},"yoast_head":"<!-- This site is optimized with the Yoast SEO Premium plugin v16.1.1 - https:\/\/yoast.com\/wordpress\/plugins\/seo\/ -->\n<title>Rock Climbing Taster - Geckon klub Ko\u0161ice<\/title>\n<link rel=\"canonical\" href=\"https:\/\/www.geckon.sk\/en\/climbing-courses\/rock-climbing-taster\/\" \/>\n<meta property=\"og:locale\" content=\"en_US\" \/>\n<meta property=\"og:type\" content=\"article\" \/>\n<meta property=\"og:title\" content=\"Rock Climbing Taster - Geckon klub Ko\u0161ice\" \/>\n<meta property=\"og:description\" content=\"Do you like to stay outside? Do you like nature and outdoor sports?Do you want to try something new, challenge yourself?ROCK CLIMBING TASTER is perfect for you! 1-day rock climbing on crags near Ko\u0161ice Course is ideal for individuals and groups of all ages who want to try rock climbing under supervising of instructor. As [&hellip;]\" \/>\n<meta property=\"og:url\" content=\"https:\/\/www.geckon.sk\/en\/climbing-courses\/rock-climbing-taster\/\" \/>\n<meta property=\"og:site_name\" content=\"Geckon klub Ko\u0161ice\" \/>\n<meta property=\"article:publisher\" content=\"https:\/\/www.facebook.com\/geckonklub\/\" \/>\n<meta property=\"article:modified_time\" content=\"2020-02-23T17:50:16+00:00\" \/>\n<meta property=\"og:image\" content=\"https:\/\/www.geckon.sk\/wp-content\/uploads\/headers\/zakladny_lezecky_kurz.jpg\" \/>\n<meta name=\"twitter:card\" content=\"summary\" \/>\n<meta name=\"twitter:site\" content=\"@geckonklub\" \/>\n<meta name=\"twitter:label1\" content=\"Est. reading time\">\n\t<meta name=\"twitter:data1\" content=\"1 minute\">\n<script type=\"application\/ld+json\" class=\"yoast-schema-graph\">{\"@context\":\"https:\/\/schema.org\",\"@graph\":[{\"@type\":\"WebSite\",\"@id\":\"https:\/\/www.geckon.sk\/#website\",\"url\":\"https:\/\/www.geckon.sk\/\",\"name\":\"Geckon klub Ko\\u0161ice\",\"description\":\"\",\"potentialAction\":[{\"@type\":\"SearchAction\",\"target\":\"https:\/\/www.geckon.sk\/?s={search_term_string}\",\"query-input\":\"required name=search_term_string\"}],\"inLanguage\":\"en-US\"},{\"@type\":\"ImageObject\",\"@id\":\"https:\/\/www.geckon.sk\/en\/climbing-courses\/rock-climbing-taster\/#primaryimage\",\"inLanguage\":\"en-US\",\"url\":\"https:\/\/www.geckon.sk\/wp-content\/uploads\/headers\/zakladny_lezecky_kurz.jpg\",\"contentUrl\":\"https:\/\/www.geckon.sk\/wp-content\/uploads\/headers\/zakladny_lezecky_kurz.jpg\"},{\"@type\":\"WebPage\",\"@id\":\"https:\/\/www.geckon.sk\/en\/climbing-courses\/rock-climbing-taster\/#webpage\",\"url\":\"https:\/\/www.geckon.sk\/en\/climbing-courses\/rock-climbing-taster\/\",\"name\":\"Rock Climbing Taster - Geckon klub Ko\\u0161ice\",\"isPartOf\":{\"@id\":\"https:\/\/www.geckon.sk\/#website\"},\"primaryImageOfPage\":{\"@id\":\"https:\/\/www.geckon.sk\/en\/climbing-courses\/rock-climbing-taster\/#primaryimage\"},\"datePublished\":\"2019-05-04T12:47:51+00:00\",\"dateModified\":\"2020-02-23T17:50:16+00:00\",\"breadcrumb\":{\"@id\":\"https:\/\/www.geckon.sk\/en\/climbing-courses\/rock-climbing-taster\/#breadcrumb\"},\"inLanguage\":\"en-US\",\"potentialAction\":[{\"@type\":\"ReadAction\",\"target\":[\"https:\/\/www.geckon.sk\/en\/climbing-courses\/rock-climbing-taster\/\"]}]},{\"@type\":\"BreadcrumbList\",\"@id\":\"https:\/\/www.geckon.sk\/en\/climbing-courses\/rock-climbing-taster\/#breadcrumb\",\"itemListElement\":[{\"@type\":\"ListItem\",\"position\":1,\"item\":{\"@type\":\"WebPage\",\"@id\":\"https:\/\/www.geckon.sk\/en\/\",\"url\":\"https:\/\/www.geckon.sk\/en\/\",\"name\":\"Domovsk\\u00e1 str\\u00e1nka\"}},{\"@type\":\"ListItem\",\"position\":2,\"item\":{\"@type\":\"WebPage\",\"@id\":\"https:\/\/www.geckon.sk\/en\/climbing-courses\/\",\"url\":\"https:\/\/www.geckon.sk\/en\/climbing-courses\/\",\"name\":\"Climbing Courses\"}},{\"@type\":\"ListItem\",\"position\":3,\"item\":{\"@type\":\"WebPage\",\"@id\":\"https:\/\/www.geckon.sk\/en\/climbing-courses\/rock-climbing-taster\/\",\"url\":\"https:\/\/www.geckon.sk\/en\/climbing-courses\/rock-climbing-taster\/\",\"name\":\"Rock Climbing Taster\"}}]}]}<\/script>\n<!-- \/ Yoast SEO Premium plugin. -->","jetpack_shortlink":"https:\/\/wp.me\/PajNbF-nK","_links":{"self":[{"href":"https:\/\/www.geckon.sk\/en\/wp-json\/wp\/v2\/pages\/1472"}],"collection":[{"href":"https:\/\/www.geckon.sk\/en\/wp-json\/wp\/v2\/pages"}],"about":[{"href":"https:\/\/www.geckon.sk\/en\/wp-json\/wp\/v2\/types\/page"}],"author":[{"embeddable":true,"href":"https:\/\/www.geckon.sk\/en\/wp-json\/wp\/v2\/users\/1"}],"replies":[{"embeddable":true,"href":"https:\/\/www.geckon.sk\/en\/wp-json\/wp\/v2\/comments?post=1472"}],"version-history":[{"count":7,"href":"https:\/\/www.geckon.sk\/en\/wp-json\/wp\/v2\/pages\/1472\/revisions"}],"predecessor-version":[{"id":2389,"href":"https:\/\/www.geckon.sk\/en\/wp-json\/wp\/v2\/pages\/1472\/revisions\/2389"}],"up":[{"embeddable":true,"href":"https:\/\/www.geckon.sk\/en\/wp-json\/wp\/v2\/pages\/1485"}],"wp:attachment":[{"href":"https:\/\/www.geckon.sk\/en\/wp-json\/wp\/v2\/media?parent=1472"}],"curies":[{"name":"wp","href":"https:\/\/api.w.org\/{rel}","templated":true}]}}