{"id":1481,"date":"2019-05-04T14:56:42","date_gmt":"2019-05-04T12:56:42","guid":{"rendered":"https:\/\/www.geckon.sk\/?page_id=1481"},"modified":"2020-02-23T18:53:27","modified_gmt":"2020-02-23T17:53:27","slug":"rock-climbing-course","status":"publish","type":"page","link":"https:\/\/www.geckon.sk\/en\/climbing-courses\/rock-climbing-course\/","title":{"rendered":"Rock Climbing Course"},"content":{"rendered":"\t\t<div data-elementor-type=\"wp-page\" data-elementor-id=\"1481\" class=\"elementor elementor-1481 elementor-1122\" data-elementor-settings=\"[]\">\n\t\t\t\t\t\t<div class=\"elementor-inner\">\n\t\t\t\t\t\t\t<div class=\"elementor-section-wrap\">\n\t\t\t\t\t\t\t<section class=\"elementor-section elementor-top-section elementor-element elementor-element-30321960 elementor-section-boxed elementor-section-height-default elementor-section-height-default\" data-id=\"30321960\" data-element_type=\"section\">\n\t\t\t\t\t\t<div class=\"elementor-container elementor-column-gap-default\">\n\t\t\t\t\t\t\t<div class=\"elementor-row\">\n\t\t\t\t\t<div class=\"elementor-column elementor-col-50 elementor-top-column elementor-element elementor-element-548a70de\" data-id=\"548a70de\" data-element_type=\"column\">\n\t\t\t<div class=\"elementor-column-wrap elementor-element-populated\">\n\t\t\t\t\t\t\t<div class=\"elementor-widget-wrap\">\n\t\t\t\t\t\t<div class=\"elementor-element elementor-element-557114ed elementor-widget elementor-widget-text-editor\" data-id=\"557114ed\" data-element_type=\"widget\" data-widget_type=\"text-editor.default\">\n\t\t\t\t<div class=\"elementor-widget-container\">\n\t\t\t\t\t<div class=\"elementor-text-editor elementor-clearfix\"><p><strong>Chce\u0161 sa nau\u010di\u0165 liez\u0165 a mysl\u00ed\u0161 to s lezen\u00edm v\u00e1\u017ene?<br \/>Potom Z\u00c1KLADN\u00dd HOROLEZECK\u00dd KURZ je ur\u010den\u00fd pre teba!<\/strong><\/p><ul><li>7-day climbing course<\/li><\/ul><p style=\"text-indent: 30px;\">This course is essential for every serious climber. The aim is to provide you climbing basics for sport and trad climbing and to teach an ??adept?? to a individal movement along the rocks. The course will prepare you for all the normal situations you encounter during the climbing, which means that it includes everything from the theoretical foundations, through the foundation of placing protection, the construction of the anchors, to first aid and the self-rescue in the event of an accident.<\/p><p style=\"text-indent: 22.5pt;\">It&#8217;s also a great opportunity to meet new friends and climbers, and improve climbing skills together with them.<\/p><p style=\"text-indent: 30px;\">You will learn all necesary skills for independent(stand-alone) climbing and belaying on rock faces or climbing walls:<\/p><ul><li>climbing history, climbing types and styles;<\/li><li>climbing equipment;<\/li><li>climbing technique and placing protections;<\/li><li>top-rope and lead climbing belaying;<\/li><li>climbing anchors and multi-pitch climbing;<\/li><li>self rescue;<\/li><li>first aid basics.<\/li><\/ul><p style=\"text-indent: 30px;\">The course is led by an instructor who is also a member of the safety committee of the Slovak Climbing Association JAMES, which is the guarantee of the highest quality courses in Eastern Slovakia.<\/p><p style=\"text-align: justify;\"><em>(Je dobr\u00e9 prihlasova\u0165 sa po p\u00e1roch; in\u0161truktor tak m\u00f4\u017ee najlep\u0161ie u\u010di\u0165 lezenie a istenie, no nie je to podmienkou).<\/em><\/p><h3><strong>Price: 250\u20ac<\/strong><\/h3><\/div>\n\t\t\t\t<\/div>\n\t\t\t\t<\/div>\n\t\t\t\t\t\t<\/div>\n\t\t\t\t\t<\/div>\n\t\t<\/div>\n\t\t\t\t<div class=\"elementor-column elementor-col-50 elementor-top-column elementor-element elementor-element-363b5924\" data-id=\"363b5924\" data-element_type=\"column\">\n\t\t\t<div class=\"elementor-column-wrap elementor-element-populated\">\n\t\t\t\t\t\t\t<div class=\"elementor-widget-wrap\">\n\t\t\t\t\t\t<div class=\"elementor-element elementor-element-32485dd2 elementor-widget elementor-widget-heading\" data-id=\"32485dd2\" data-element_type=\"widget\" data-widget_type=\"heading.default\">\n\t\t\t\t<div class=\"elementor-widget-container\">\n\t\t\t<h3 class=\"elementor-heading-title elementor-size-default\">Course outline:<\/h3>\t\t<\/div>\n\t\t\t\t<\/div>\n\t\t\t\t<div class=\"elementor-element elementor-element-326c2d53 elementor-icon-list--layout-traditional elementor-list-item-link-full_width elementor-widget elementor-widget-icon-list\" data-id=\"326c2d53\" data-element_type=\"widget\" data-widget_type=\"icon-list.default\">\n\t\t\t\t<div class=\"elementor-widget-container\">\n\t\t\t\t\t<ul class=\"elementor-icon-list-items\">\n\t\t\t\t\t\t\t<li class=\"elementor-icon-list-item\">\n\t\t\t\t\t\t\t\t\t\t\t<span class=\"elementor-icon-list-icon\">\n\t\t\t\t\t\t\t<i aria-hidden=\"true\" class=\"fas fa-archive\"><\/i>\t\t\t\t\t\t<\/span>\n\t\t\t\t\t\t\t\t\t\t<span class=\"elementor-icon-list-text\">Climbing basics<\/span>\n\t\t\t\t\t\t\t\t\t<\/li>\n\t\t\t\t\t\t\t\t<li class=\"elementor-icon-list-item\">\n\t\t\t\t\t\t\t\t\t\t\t<span class=\"elementor-icon-list-icon\">\n\t\t\t\t\t\t\t<i aria-hidden=\"true\" class=\"fas fa-archive\"><\/i>\t\t\t\t\t\t<\/span>\n\t\t\t\t\t\t\t\t\t\t<span class=\"elementor-icon-list-text\">Rock climbing basics<\/span>\n\t\t\t\t\t\t\t\t\t<\/li>\n\t\t\t\t\t\t\t\t<li class=\"elementor-icon-list-item\">\n\t\t\t\t\t\t\t\t\t\t\t<span class=\"elementor-icon-list-icon\">\n\t\t\t\t\t\t\t<i aria-hidden=\"true\" class=\"fas fa-archive\"><\/i>\t\t\t\t\t\t<\/span>\n\t\t\t\t\t\t\t\t\t\t<span class=\"elementor-icon-list-text\">Climbing equipment<\/span>\n\t\t\t\t\t\t\t\t\t<\/li>\n\t\t\t\t\t\t\t\t<li class=\"elementor-icon-list-item\">\n\t\t\t\t\t\t\t\t\t\t\t<span class=\"elementor-icon-list-icon\">\n\t\t\t\t\t\t\t<i aria-hidden=\"true\" class=\"fas fa-archive\"><\/i>\t\t\t\t\t\t<\/span>\n\t\t\t\t\t\t\t\t\t\t<span class=\"elementor-icon-list-text\">Proper belaying technique<\/span>\n\t\t\t\t\t\t\t\t\t<\/li>\n\t\t\t\t\t\t\t\t<li class=\"elementor-icon-list-item\">\n\t\t\t\t\t\t\t\t\t\t\t<span class=\"elementor-icon-list-icon\">\n\t\t\t\t\t\t\t<i aria-hidden=\"true\" class=\"fas fa-archive\"><\/i>\t\t\t\t\t\t<\/span>\n\t\t\t\t\t\t\t\t\t\t<span class=\"elementor-icon-list-text\">Climbing techniques and placing protections<\/span>\n\t\t\t\t\t\t\t\t\t<\/li>\n\t\t\t\t\t\t\t\t<li class=\"elementor-icon-list-item\">\n\t\t\t\t\t\t\t\t\t\t\t<span class=\"elementor-icon-list-icon\">\n\t\t\t\t\t\t\t<i aria-hidden=\"true\" class=\"fas fa-archive\"><\/i>\t\t\t\t\t\t<\/span>\n\t\t\t\t\t\t\t\t\t\t<span class=\"elementor-icon-list-text\">Self rescue<\/span>\n\t\t\t\t\t\t\t\t\t<\/li>\n\t\t\t\t\t\t\t\t<li class=\"elementor-icon-list-item\">\n\t\t\t\t\t\t\t\t\t\t\t<span class=\"elementor-icon-list-icon\">\n\t\t\t\t\t\t\t<i aria-hidden=\"true\" class=\"fas fa-archive\"><\/i>\t\t\t\t\t\t<\/span>\n\t\t\t\t\t\t\t\t\t\t<span class=\"elementor-icon-list-text\">First aid<\/span>\n\t\t\t\t\t\t\t\t\t<\/li>\n\t\t\t\t\t\t\t\t<li class=\"elementor-icon-list-item\">\n\t\t\t\t\t\t\t\t\t\t\t<span class=\"elementor-icon-list-icon\">\n\t\t\t\t\t\t\t<i aria-hidden=\"true\" class=\"fas fa-archive\"><\/i>\t\t\t\t\t\t<\/span>\n\t\t\t\t\t\t\t\t\t\t<span class=\"elementor-icon-list-text\">... and much more<\/span>\n\t\t\t\t\t\t\t\t\t<\/li>\n\t\t\t\t\t\t<\/ul>\n\t\t\t\t<\/div>\n\t\t\t\t<\/div>\n\t\t\t\t<div class=\"elementor-element elementor-element-9abf969 elementor-widget elementor-widget-heading\" data-id=\"9abf969\" data-element_type=\"widget\" data-widget_type=\"heading.default\">\n\t\t\t\t<div class=\"elementor-widget-container\">\n\t\t\t<h3 class=\"elementor-heading-title elementor-size-default\">What's included:<\/h3>\t\t<\/div>\n\t\t\t\t<\/div>\n\t\t\t\t<div class=\"elementor-element elementor-element-584e7bf3 elementor-icon-list--layout-traditional elementor-list-item-link-full_width elementor-widget elementor-widget-icon-list\" data-id=\"584e7bf3\" data-element_type=\"widget\" data-widget_type=\"icon-list.default\">\n\t\t\t\t<div class=\"elementor-widget-container\">\n\t\t\t\t\t<ul class=\"elementor-icon-list-items\">\n\t\t\t\t\t\t\t<li class=\"elementor-icon-list-item\">\n\t\t\t\t\t\t\t\t\t\t\t<span class=\"elementor-icon-list-icon\">\n\t\t\t\t\t\t\t<i aria-hidden=\"true\" class=\"fas fa-check\"><\/i>\t\t\t\t\t\t<\/span>\n\t\t\t\t\t\t\t\t\t\t<span class=\"elementor-icon-list-text\">Instructor<\/span>\n\t\t\t\t\t\t\t\t\t<\/li>\n\t\t\t\t\t\t\t\t<li class=\"elementor-icon-list-item\">\n\t\t\t\t\t\t\t\t\t\t\t<span class=\"elementor-icon-list-icon\">\n\t\t\t\t\t\t\t<i aria-hidden=\"true\" class=\"fas fa-check\"><\/i>\t\t\t\t\t\t<\/span>\n\t\t\t\t\t\t\t\t\t\t<span class=\"elementor-icon-list-text\">Climbing equipment<\/span>\n\t\t\t\t\t\t\t\t\t<\/li>\n\t\t\t\t\t\t\t\t<li class=\"elementor-icon-list-item\">\n\t\t\t\t\t\t\t\t\t\t\t<span class=\"elementor-icon-list-icon\">\n\t\t\t\t\t\t\t<i aria-hidden=\"true\" class=\"fas fa-check\"><\/i>\t\t\t\t\t\t<\/span>\n\t\t\t\t\t\t\t\t\t\t<span class=\"elementor-icon-list-text\">Transport during the course<\/span>\n\t\t\t\t\t\t\t\t\t<\/li>\n\t\t\t\t\t\t<\/ul>\n\t\t\t\t<\/div>\n\t\t\t\t<\/div>\n\t\t\t\t\t\t<\/div>\n\t\t\t\t\t<\/div>\n\t\t<\/div>\n\t\t\t\t\t\t\t\t<\/div>\n\t\t\t\t\t<\/div>\n\t\t<\/section>\n\t\t\t\t<section class=\"elementor-section elementor-top-section elementor-element elementor-element-53bde86f elementor-section-boxed elementor-section-height-default elementor-section-height-default\" data-id=\"53bde86f\" data-element_type=\"section\">\n\t\t\t\t\t\t<div class=\"elementor-container elementor-column-gap-default\">\n\t\t\t\t\t\t\t<div class=\"elementor-row\">\n\t\t\t\t\t<div class=\"elementor-column elementor-col-100 elementor-top-column elementor-element elementor-element-4f297b7f\" data-id=\"4f297b7f\" data-element_type=\"column\">\n\t\t\t<div class=\"elementor-column-wrap elementor-element-populated\">\n\t\t\t\t\t\t\t<div class=\"elementor-widget-wrap\">\n\t\t\t\t\t\t<div class=\"elementor-element elementor-element-2d2373c7 elementor-widget elementor-widget-text-editor\" data-id=\"2d2373c7\" data-element_type=\"widget\" data-widget_type=\"text-editor.default\">\n\t\t\t\t<div class=\"elementor-widget-container\">\n\t\t\t\t\t<div class=\"elementor-text-editor elementor-clearfix\"><p>\u00a0<\/p><h2 style=\"text-align: center;\"><strong>Schedule 2020<\/strong><\/h2><p style=\"text-align: center;\">20.4.2020 &#8211; 26.4.2020<\/p><p style=\"text-align: center;\">27.4.2020 &#8211; 3.5.2020<\/p><p style=\"text-align: center;\">1.6.2020 &#8211; 7.6.2020<\/p><h2 style=\"text-align: center;\"><strong>Prihl\u00e1ste sa e\u0161te dnes<\/strong><\/h2><p style=\"text-align: center;\">Nevyhovuje v\u00e1m pripraven\u00fd kurz?Chceli by ste nie\u010do in\u00e9?<\/p><p style=\"text-align: center;\">Nev\u00e1hajte <a href=\"#text-4\"><strong>n\u00e1s kontaktova\u0165<\/strong><\/a> s Va\u0161imi predstavamia spolu priprav\u00edme kurz na mieru len pre V\u00e1s<\/p><\/div>\n\t\t\t\t<\/div>\n\t\t\t\t<\/div>\n\t\t\t\t\t\t<\/div>\n\t\t\t\t\t<\/div>\n\t\t<\/div>\n\t\t\t\t\t\t\t\t<\/div>\n\t\t\t\t\t<\/div>\n\t\t<\/section>\n\t\t\t\t<section class=\"elementor-section elementor-top-section elementor-element elementor-element-5e8a863f elementor-section-boxed elementor-section-height-default elementor-section-height-default\" data-id=\"5e8a863f\" data-element_type=\"section\">\n\t\t\t\t\t\t<div class=\"elementor-container elementor-column-gap-default\">\n\t\t\t\t\t\t\t<div class=\"elementor-row\">\n\t\t\t\t\t<div class=\"elementor-column elementor-col-100 elementor-top-column elementor-element elementor-element-4621a55c\" data-id=\"4621a55c\" data-element_type=\"column\">\n\t\t\t<div class=\"elementor-column-wrap elementor-element-populated\">\n\t\t\t\t\t\t\t<div class=\"elementor-widget-wrap\">\n\t\t\t\t\t\t<div class=\"elementor-element elementor-element-78006417 elementor-widget elementor-widget-heading\" data-id=\"78006417\" data-element_type=\"widget\" data-widget_type=\"heading.default\">\n\t\t\t\t<div class=\"elementor-widget-container\">\n\t\t\t<h2 class=\"elementor-heading-title elementor-size-default\">Might be interesting for you<\/h2>\t\t<\/div>\n\t\t\t\t<\/div>\n\t\t\t\t\t\t<\/div>\n\t\t\t\t\t<\/div>\n\t\t<\/div>\n\t\t\t\t\t\t\t\t<\/div>\n\t\t\t\t\t<\/div>\n\t\t<\/section>\n\t\t\t\t<section class=\"elementor-section elementor-top-section elementor-element elementor-element-467f7a35 elementor-section-boxed elementor-section-height-default elementor-section-height-default\" data-id=\"467f7a35\" data-element_type=\"section\">\n\t\t\t\t\t\t<div class=\"elementor-container elementor-column-gap-default\">\n\t\t\t\t\t\t\t<div class=\"elementor-row\">\n\t\t\t\t\t<div class=\"elementor-column elementor-col-33 elementor-top-column elementor-element elementor-element-2d127979\" data-id=\"2d127979\" data-element_type=\"column\">\n\t\t\t<div class=\"elementor-column-wrap elementor-element-populated\">\n\t\t\t\t\t\t\t<div class=\"elementor-widget-wrap\">\n\t\t\t\t\t\t<div class=\"elementor-element elementor-element-75892a94 elementor-widget elementor-widget-text-editor\" data-id=\"75892a94\" data-element_type=\"widget\" data-widget_type=\"text-editor.default\">\n\t\t\t\t<div class=\"elementor-widget-container\">\n\t\t\t\t\t<div class=\"elementor-text-editor elementor-clearfix\"><p><a href=\"https:\/\/www.geckon.sk\/en\/climbing-courses\/rock-climbing-taster\/\"><img loading=\"lazy\" class=\"aligncenter\" src=\"https:\/\/www.geckon.sk\/wp-content\/uploads\/headers\/ochutnavka_skaly.jpg\" alt=\"zaklady2\" width=\"1600\" height=\"900\" \/><\/a><\/p><h2 style=\"text-align: center;\">Rock Climbing Taster<\/h2><p style=\"text-align: center;\">One day climbing for everyone, who like to try something new<\/p><\/div>\n\t\t\t\t<\/div>\n\t\t\t\t<\/div>\n\t\t\t\t\t\t<\/div>\n\t\t\t\t\t<\/div>\n\t\t<\/div>\n\t\t\t\t<div class=\"elementor-column elementor-col-33 elementor-top-column elementor-element elementor-element-54273651\" data-id=\"54273651\" data-element_type=\"column\">\n\t\t\t<div class=\"elementor-column-wrap elementor-element-populated\">\n\t\t\t\t\t\t\t<div class=\"elementor-widget-wrap\">\n\t\t\t\t\t\t<div class=\"elementor-element elementor-element-4a13a31 elementor-widget elementor-widget-text-editor\" data-id=\"4a13a31\" data-element_type=\"widget\" data-widget_type=\"text-editor.default\">\n\t\t\t\t<div class=\"elementor-widget-container\">\n\t\t\t\t\t<div class=\"elementor-text-editor elementor-clearfix\"><p><a href=\"https:\/\/www.geckon.sk\/en\/climbing-courses\/climbing-basics\/\"><img loading=\"lazy\" class=\"aligncenter\" src=\"https:\/\/www.geckon.sk\/wp-content\/uploads\/headers\/zakladny_lezecky_kurz.jpg\" alt=\"zaklady\" width=\"1600\" height=\"900\" \/><\/a><\/p><h2 style=\"text-align: center;\">Climbing Basics<\/h2><p style=\"text-align: center;\">Learn basics for independent climbing<\/p><\/div>\n\t\t\t\t<\/div>\n\t\t\t\t<\/div>\n\t\t\t\t\t\t<\/div>\n\t\t\t\t\t<\/div>\n\t\t<\/div>\n\t\t\t\t<div class=\"elementor-column elementor-col-33 elementor-top-column elementor-element elementor-element-5cca29a6\" data-id=\"5cca29a6\" data-element_type=\"column\">\n\t\t\t<div class=\"elementor-column-wrap elementor-element-populated\">\n\t\t\t\t\t\t\t<div class=\"elementor-widget-wrap\">\n\t\t\t\t\t\t<div class=\"elementor-element elementor-element-2b4d0f94 elementor-widget elementor-widget-text-editor\" data-id=\"2b4d0f94\" data-element_type=\"widget\" data-widget_type=\"text-editor.default\">\n\t\t\t\t<div class=\"elementor-widget-container\">\n\t\t\t\t\t<div class=\"elementor-text-editor elementor-clearfix\"><p><a href=\"https:\/\/www.geckon.sk\/en\/climbing-courses\/gym-to-rock-transition\/\"><img loading=\"lazy\" class=\"aligncenter\" src=\"https:\/\/www.geckon.sk\/wp-content\/uploads\/2014\/08\/uvod6.jpg\" alt=\"zaklady2\" width=\"719\" height=\"403\" \/><\/a><\/p><h2 style=\"text-align: center;\" align=\"center\">Gym to Rock<\/h2><p style=\"text-align: center;\">You will learn all needed for rock climbing<\/p><\/div>\n\t\t\t\t<\/div>\n\t\t\t\t<\/div>\n\t\t\t\t\t\t<\/div>\n\t\t\t\t\t<\/div>\n\t\t<\/div>\n\t\t\t\t\t\t\t\t<\/div>\n\t\t\t\t\t<\/div>\n\t\t<\/section>\n\t\t\t\t\t\t<\/div>\n\t\t\t\t\t\t<\/div>\n\t\t\t\t\t<\/div>\n\t\t","protected":false},"excerpt":{"rendered":"<p>Chce\u0161 sa nau\u010di\u0165 liez\u0165 a mysl\u00ed\u0161 to s lezen\u00edm v\u00e1\u017ene?Potom Z\u00c1KLADN\u00dd HOROLEZECK\u00dd KURZ je ur\u010den\u00fd pre teba! 7-day climbing course This course is essential for every serious climber. The aim is to provide you climbing basics for sport and trad climbing and to teach an ??adept?? to a individal movement along the rocks. The course [&hellip;]<\/p>\n","protected":false},"author":1,"featured_media":0,"parent":1485,"menu_order":0,"comment_status":"closed","ping_status":"closed","template":"full-width.php","meta":{"spay_email":""},"yoast_head":"<!-- This site is optimized with the Yoast SEO Premium plugin v16.1.1 - https:\/\/yoast.com\/wordpress\/plugins\/seo\/ -->\n<title>Rock Climbing Course - Geckon klub Ko\u0161ice<\/title>\n<link rel=\"canonical\" href=\"https:\/\/www.geckon.sk\/en\/climbing-courses\/rock-climbing-course\/\" \/>\n<meta property=\"og:locale\" content=\"en_US\" \/>\n<meta property=\"og:type\" content=\"article\" \/>\n<meta property=\"og:title\" content=\"Rock Climbing Course - Geckon klub Ko\u0161ice\" \/>\n<meta property=\"og:description\" content=\"Chce\u0161 sa nau\u010di\u0165 liez\u0165 a mysl\u00ed\u0161 to s lezen\u00edm v\u00e1\u017ene?Potom Z\u00c1KLADN\u00dd HOROLEZECK\u00dd KURZ je ur\u010den\u00fd pre teba! 7-day climbing course This course is essential for every serious climber. The aim is to provide you climbing basics for sport and trad climbing and to teach an ??adept?? to a individal movement along the rocks. The course [&hellip;]\" \/>\n<meta property=\"og:url\" content=\"https:\/\/www.geckon.sk\/en\/climbing-courses\/rock-climbing-course\/\" \/>\n<meta property=\"og:site_name\" content=\"Geckon klub Ko\u0161ice\" \/>\n<meta property=\"article:publisher\" content=\"https:\/\/www.facebook.com\/geckonklub\/\" \/>\n<meta property=\"article:modified_time\" content=\"2020-02-23T17:53:27+00:00\" \/>\n<meta property=\"og:image\" content=\"https:\/\/www.geckon.sk\/wp-content\/uploads\/headers\/ochutnavka_skaly.jpg\" \/>\n<meta name=\"twitter:card\" content=\"summary\" \/>\n<meta name=\"twitter:site\" content=\"@geckonklub\" \/>\n<meta name=\"twitter:label1\" content=\"Est. reading time\">\n\t<meta name=\"twitter:data1\" content=\"2 minutes\">\n<script type=\"application\/ld+json\" class=\"yoast-schema-graph\">{\"@context\":\"https:\/\/schema.org\",\"@graph\":[{\"@type\":\"WebSite\",\"@id\":\"https:\/\/www.geckon.sk\/#website\",\"url\":\"https:\/\/www.geckon.sk\/\",\"name\":\"Geckon klub Ko\\u0161ice\",\"description\":\"\",\"potentialAction\":[{\"@type\":\"SearchAction\",\"target\":\"https:\/\/www.geckon.sk\/?s={search_term_string}\",\"query-input\":\"required name=search_term_string\"}],\"inLanguage\":\"en-US\"},{\"@type\":\"ImageObject\",\"@id\":\"https:\/\/www.geckon.sk\/en\/climbing-courses\/rock-climbing-course\/#primaryimage\",\"inLanguage\":\"en-US\",\"url\":\"https:\/\/www.geckon.sk\/wp-content\/uploads\/headers\/ochutnavka_skaly.jpg\",\"contentUrl\":\"https:\/\/www.geckon.sk\/wp-content\/uploads\/headers\/ochutnavka_skaly.jpg\",\"width\":1600,\"height\":900},{\"@type\":\"WebPage\",\"@id\":\"https:\/\/www.geckon.sk\/en\/climbing-courses\/rock-climbing-course\/#webpage\",\"url\":\"https:\/\/www.geckon.sk\/en\/climbing-courses\/rock-climbing-course\/\",\"name\":\"Rock Climbing Course - Geckon klub Ko\\u0161ice\",\"isPartOf\":{\"@id\":\"https:\/\/www.geckon.sk\/#website\"},\"primaryImageOfPage\":{\"@id\":\"https:\/\/www.geckon.sk\/en\/climbing-courses\/rock-climbing-course\/#primaryimage\"},\"datePublished\":\"2019-05-04T12:56:42+00:00\",\"dateModified\":\"2020-02-23T17:53:27+00:00\",\"breadcrumb\":{\"@id\":\"https:\/\/www.geckon.sk\/en\/climbing-courses\/rock-climbing-course\/#breadcrumb\"},\"inLanguage\":\"en-US\",\"potentialAction\":[{\"@type\":\"ReadAction\",\"target\":[\"https:\/\/www.geckon.sk\/en\/climbing-courses\/rock-climbing-course\/\"]}]},{\"@type\":\"BreadcrumbList\",\"@id\":\"https:\/\/www.geckon.sk\/en\/climbing-courses\/rock-climbing-course\/#breadcrumb\",\"itemListElement\":[{\"@type\":\"ListItem\",\"position\":1,\"item\":{\"@type\":\"WebPage\",\"@id\":\"https:\/\/www.geckon.sk\/en\/\",\"url\":\"https:\/\/www.geckon.sk\/en\/\",\"name\":\"Domovsk\\u00e1 str\\u00e1nka\"}},{\"@type\":\"ListItem\",\"position\":2,\"item\":{\"@type\":\"WebPage\",\"@id\":\"https:\/\/www.geckon.sk\/en\/climbing-courses\/\",\"url\":\"https:\/\/www.geckon.sk\/en\/climbing-courses\/\",\"name\":\"Climbing Courses\"}},{\"@type\":\"ListItem\",\"position\":3,\"item\":{\"@type\":\"WebPage\",\"@id\":\"https:\/\/www.geckon.sk\/en\/climbing-courses\/rock-climbing-course\/\",\"url\":\"https:\/\/www.geckon.sk\/en\/climbing-courses\/rock-climbing-course\/\",\"name\":\"Rock Climbing Course\"}}]}]}<\/script>\n<!-- \/ Yoast SEO Premium plugin. -->","jetpack_shortlink":"https:\/\/wp.me\/PajNbF-nT","_links":{"self":[{"href":"https:\/\/www.geckon.sk\/en\/wp-json\/wp\/v2\/pages\/1481"}],"collection":[{"href":"https:\/\/www.geckon.sk\/en\/wp-json\/wp\/v2\/pages"}],"about":[{"href":"https:\/\/www.geckon.sk\/en\/wp-json\/wp\/v2\/types\/page"}],"author":[{"embeddable":true,"href":"https:\/\/www.geckon.sk\/en\/wp-json\/wp\/v2\/users\/1"}],"replies":[{"embeddable":true,"href":"https:\/\/www.geckon.sk\/en\/wp-json\/wp\/v2\/comments?post=1481"}],"version-history":[{"count":6,"href":"https:\/\/www.geckon.sk\/en\/wp-json\/wp\/v2\/pages\/1481\/revisions"}],"predecessor-version":[{"id":2393,"href":"https:\/\/www.geckon.sk\/en\/wp-json\/wp\/v2\/pages\/1481\/revisions\/2393"}],"up":[{"embeddable":true,"href":"https:\/\/www.geckon.sk\/en\/wp-json\/wp\/v2\/pages\/1485"}],"wp:attachment":[{"href":"https:\/\/www.geckon.sk\/en\/wp-json\/wp\/v2\/media?parent=1481"}],"curies":[{"name":"wp","href":"https:\/\/api.w.org\/{rel}","templated":true}]}}